{"id":13277,"date":"2015-09-28T11:38:24","date_gmt":"2015-09-28T09:38:24","guid":{"rendered":"https:\/\/abuelailichocolates.com\/tienda\/chocolat-blanc-avec-banane\/"},"modified":"2026-01-03T11:47:58","modified_gmt":"2026-01-03T10:47:58","slug":"chocolat-blanc-avec-banane","status":"publish","type":"product","link":"https:\/\/abuelailichocolates.com\/fr\/producto\/chocolat-blanc-avec-banane\/","title":{"rendered":"Chocolat blanc avec banane"},"content":{"rendered":"<p>Ingr\u00e9dients:<\/p>\n<p><strong>Chocolat blanc (99 %) :<\/strong> sucre, beurre de cacao, <strong>lait<\/strong> \u00e9cr\u00e9m\u00e9 en poudre, mati\u00e8re grasse <strong>laiti\u00e8re<\/strong>, \u00e9mulsifiant : l\u00e9cithines (<strong>soja<\/strong>), ar\u00f4me naturel de vanille, ar\u00f4me<\/p>\n<p><strong>Ar\u00f4me de banane (1 %) :<\/strong> substances aromatisantes, propyl\u00e8ne glycol (E-1520) (&lt;=50 %), \u00e9thanol (&lt;=40 %), eau.<\/p>\n","protected":false},"excerpt":{"rendered":"<p>TABLETTE 50grs.<\/p>\n","protected":false},"featured_media":13278,"comment_status":"closed","ping_status":"closed","template":"","meta":[],"product_brand":[194],"product_cat":[284,268],"product_tag":[282,281],"class_list":{"0":"post-13277","1":"product","2":"type-product","3":"status-publish","4":"has-post-thumbnail","6":"product_brand-abuela-ili-chocolate","7":"product_cat-chocolat-blanc","8":"product_cat-tous-les-produits","9":"product_tag-50-grammes","10":"product_tag-tablettes","11":"pa_alergenos-peut-contenir-du-gluten","12":"pa_alergenos-produits-laitiers","13":"pa_alergenos-soja","14":"pa_alergenos-traces-de-fruits-a-coque","16":"first","17":"instock","18":"taxable","19":"shipping-taxable","20":"purchasable","21":"product-type-simple"},"_links":{"self":[{"href":"https:\/\/abuelailichocolates.com\/fr\/wp-json\/wp\/v2\/product\/13277","targetHints":{"allow":["GET"]}}],"collection":[{"href":"https:\/\/abuelailichocolates.com\/fr\/wp-json\/wp\/v2\/product"}],"about":[{"href":"https:\/\/abuelailichocolates.com\/fr\/wp-json\/wp\/v2\/types\/product"}],"replies":[{"embeddable":true,"href":"https:\/\/abuelailichocolates.com\/fr\/wp-json\/wp\/v2\/comments?post=13277"}],"wp:featuredmedia":[{"embeddable":true,"href":"https:\/\/abuelailichocolates.com\/fr\/wp-json\/wp\/v2\/media\/13278"}],"wp:attachment":[{"href":"https:\/\/abuelailichocolates.com\/fr\/wp-json\/wp\/v2\/media?parent=13277"}],"wp:term":[{"taxonomy":"product_brand","embeddable":true,"href":"https:\/\/abuelailichocolates.com\/fr\/wp-json\/wp\/v2\/product_brand?post=13277"},{"taxonomy":"product_cat","embeddable":true,"href":"https:\/\/abuelailichocolates.com\/fr\/wp-json\/wp\/v2\/product_cat?post=13277"},{"taxonomy":"product_tag","embeddable":true,"href":"https:\/\/abuelailichocolates.com\/fr\/wp-json\/wp\/v2\/product_tag?post=13277"}],"curies":[{"name":"wp","href":"https:\/\/api.w.org\/{rel}","templated":true}]}}