{"id":13283,"date":"2015-09-28T11:39:02","date_gmt":"2015-09-28T09:39:02","guid":{"rendered":"https:\/\/abuelailichocolates.com\/tienda\/chocolat-au-lait-et-confiture-de-lait\/"},"modified":"2025-12-03T08:44:29","modified_gmt":"2025-12-03T07:44:29","slug":"chocolat-au-lait-et-confiture-de-lait","status":"publish","type":"product","link":"https:\/\/abuelailichocolates.com\/fr\/producto\/chocolat-au-lait-et-confiture-de-lait\/","title":{"rendered":"Chocolat au lait et confiture de lait"},"content":{"rendered":"<p><strong>Ingr\u00e9dients&nbsp;:<\/strong><\/p>\n<p><strong>Chocolat au lait (96 %) :<\/strong> sucre, beurre de cacao, <strong>lait<\/strong> \u00e9cr\u00e9m\u00e9 en poudre, p\u00e2te de cacao, lactos\u00e9rum en poudre (<strong>lait<\/strong>), mati\u00e8re grasse laiti\u00e8re anhydre, <strong>lait<\/strong> entier en poudre, \u00e9mulsifiant (l\u00e9cithine de <strong>soja<\/strong>), ar\u00f4me, ar\u00f4me naturel de vanille.<\/p>\n<p><strong>Confiture de lait (4 %) :<\/strong> S\u00e9rum de <strong>lait<\/strong>, beurre, maltodextrine, sucre, <strong>lait<\/strong> \u00e9cr\u00e9m\u00e9, ar\u00f4me naturel.<\/p>\n","protected":false},"excerpt":{"rendered":"<p>Chocolat au lait et confiture de lait.<\/p>\n<p>TABLETTE 50&nbsp;g<\/p>\n","protected":false},"featured_media":13284,"comment_status":"closed","ping_status":"closed","template":"","meta":[],"product_brand":[194],"product_cat":[285,268],"product_tag":[282,281],"class_list":{"0":"post-13283","1":"product","2":"type-product","3":"status-publish","4":"has-post-thumbnail","6":"product_brand-abuela-ili-chocolate","7":"product_cat-chocolat-au-lait","8":"product_cat-tous-les-produits","9":"product_tag-50-grammes","10":"product_tag-tablettes","11":"pa_alergenos-peut-contenir-du-gluten","12":"pa_alergenos-produits-laitiers","13":"pa_alergenos-soja","14":"pa_alergenos-traces-de-fruits-a-coque","16":"first","17":"outofstock","18":"taxable","19":"shipping-taxable","20":"purchasable","21":"product-type-simple"},"_links":{"self":[{"href":"https:\/\/abuelailichocolates.com\/fr\/wp-json\/wp\/v2\/product\/13283","targetHints":{"allow":["GET"]}}],"collection":[{"href":"https:\/\/abuelailichocolates.com\/fr\/wp-json\/wp\/v2\/product"}],"about":[{"href":"https:\/\/abuelailichocolates.com\/fr\/wp-json\/wp\/v2\/types\/product"}],"replies":[{"embeddable":true,"href":"https:\/\/abuelailichocolates.com\/fr\/wp-json\/wp\/v2\/comments?post=13283"}],"wp:featuredmedia":[{"embeddable":true,"href":"https:\/\/abuelailichocolates.com\/fr\/wp-json\/wp\/v2\/media\/13284"}],"wp:attachment":[{"href":"https:\/\/abuelailichocolates.com\/fr\/wp-json\/wp\/v2\/media?parent=13283"}],"wp:term":[{"taxonomy":"product_brand","embeddable":true,"href":"https:\/\/abuelailichocolates.com\/fr\/wp-json\/wp\/v2\/product_brand?post=13283"},{"taxonomy":"product_cat","embeddable":true,"href":"https:\/\/abuelailichocolates.com\/fr\/wp-json\/wp\/v2\/product_cat?post=13283"},{"taxonomy":"product_tag","embeddable":true,"href":"https:\/\/abuelailichocolates.com\/fr\/wp-json\/wp\/v2\/product_tag?post=13283"}],"curies":[{"name":"wp","href":"https:\/\/api.w.org\/{rel}","templated":true}]}}