{"id":13315,"date":"2015-09-28T11:37:18","date_gmt":"2015-09-28T09:37:18","guid":{"rendered":"https:\/\/abuelailichocolates.com\/tienda\/chocolat-noir-a-lorange-abuela-ili-tradition-artisanale-et-saveur-dagrumes-gourmet\/"},"modified":"2015-09-28T11:37:18","modified_gmt":"2015-09-28T09:37:18","slug":"chocolat-noir-a-lorange-abuela-ili-tradition-artisanale-et-saveur-dagrumes-gourmet","status":"publish","type":"product","link":"https:\/\/abuelailichocolates.com\/fr\/producto\/chocolat-noir-a-lorange-abuela-ili-tradition-artisanale-et-saveur-dagrumes-gourmet\/","title":{"rendered":"Chocolat noir \u00e0 l\u2019orange Abuela Ili \u2013 Tradition artisanale et saveur d\u2019agrumes gourmet"},"content":{"rendered":"<p><strong>Ingr\u00e9dients :<\/strong><\/p>\n<p><strong>Couverture de chocolat noir (96 %)&nbsp;:<\/strong> P\u00e2te de cacao, sucre, beurre de cacao, \u00e9mulsifiant&nbsp;: l\u00e9cithines (<strong>soja<\/strong>), ar\u00f4me naturel de vanille.<\/p>\n<p><strong>P\u00e2te cr\u00e8me orange (4 %)&nbsp;:<\/strong> sirop de glucose, sucre, eau, \u00e9corce de citron broy\u00e9e, acidifiant&nbsp;: acide citrique, jus concentr\u00e9 d\u2019orange 6&nbsp;%, denr\u00e9e alimentaire colorante (concentr\u00e9 de pomme, carthame, citron), ar\u00f4mes, colorants (extrait de paprika, carot\u00e8nes), antioxydant&nbsp;: acide ascorbique.<\/p>\n<p data-start=\"729\" data-end=\"1083\">Laisse-toi s\u00e9duire par l\u2019harmonie des saveurs du <strong data-start=\"774\" data-end=\"816\">Chocolat noir \u00e0 l\u2019orange Abuela Ili<\/strong>. Une recette artisanale \u00e9labor\u00e9e dans notre chocolaterie de l\u2019Alpujarra qui unit le meilleur de deux mondes&nbsp;: le caract\u00e8re intense du <strong data-start=\"945\" data-end=\"979\">cacao de qualit\u00e9 premium (96&nbsp;%)<\/strong> avec la fra\u00eecheur naturelle de l\u2019<strong data-start=\"1010\" data-end=\"1026\">orange (4&nbsp;%)<\/strong>, soigneusement incorpor\u00e9e sous forme de cr\u00e8me d\u2019agrumes. <\/p>\n<p data-start=\"1085\" data-end=\"1333\">Le r\u00e9sultat est un chocolat gourmet avec un ar\u00f4me enveloppant, des notes fruit\u00e9es et une finale vibrante en bouche. Chaque bouch\u00e9e te transporte dans notre tradition familiale, o\u00f9 le respect de la mati\u00e8re premi\u00e8re et le soin apport\u00e9 \u00e0 chaque \u00e9laboration font la diff\u00e9rence. <\/p>\n<p data-start=\"1335\" data-end=\"1576\">&#x2714;&#xfe0f; <strong data-start=\"1338\" data-end=\"1361\">96&nbsp;% de cacao artisanal<\/strong> avec des nuances profondes<br data-start=\"1383\" data-end=\"1386\">&#x2714;&#xfe0f; <strong data-start=\"1389\" data-end=\"1417\">Touche d\u2019orange naturelle<\/strong> qui apporte fra\u00eecheur et \u00e9quilibre<br data-start=\"1450\" data-end=\"1453\">&#x2714;&#xfe0f; \u00c9labor\u00e9 avec une recette propre dans l\u2019Alpujarra<br data-start=\"1499\" data-end=\"1502\">&#x2714;&#xfe0f; Tablette gourmet id\u00e9ale \u00e0 offrir ou \u00e0 d\u00e9guster lors de moments sp\u00e9ciaux<\/p>\n<p data-start=\"1578\" data-end=\"1769\">Le <strong data-start=\"1581\" data-end=\"1623\">Chocolat noir \u00e0 l\u2019orange Abuela Ili<\/strong> est bien plus qu\u2019une douceur&nbsp;: c\u2019est un hommage \u00e0 la tradition chocolati\u00e8re, pens\u00e9 pour ceux qui cherchent \u00e0 surprendre leur palais avec un contraste unique.<\/p>\n<p data-start=\"1771\" data-end=\"1860\">&#x1f449; Ajoute-le \u00e0 ton panier et transforme ta pause en une exp\u00e9rience authentiquement gourmet.<\/p>\n","protected":false},"excerpt":{"rendered":"<p>TABLETTE 50&nbsp;grs ou TABLETTE 110&nbsp;grs<br \/>\nLe contraste parfait entre l\u2019intensit\u00e9 du <strong data-start=\"538\" data-end=\"557\">chocolat noir<\/strong> et la fra\u00eecheur de l\u2019<strong data-start=\"578\" data-end=\"597\">orange naturelle<\/strong>. Une tablette artisanale qui combine tradition, qualit\u00e9 et une touche d\u2019agrumes irr\u00e9sistible. <\/p>\n","protected":false},"featured_media":12734,"comment_status":"closed","ping_status":"closed","template":"","meta":[],"product_brand":[194],"product_cat":[266,268],"product_tag":[591,281],"class_list":{"0":"post-13315","1":"product","2":"type-product","3":"status-publish","4":"has-post-thumbnail","6":"product_brand-abuela-ili-chocolate","7":"product_cat-chocolat-noir","8":"product_cat-tous-les-produits","9":"product_tag-oranges","10":"product_tag-tablettes","11":"pa_alergenos-peut-contenir-du-gluten","12":"pa_alergenos-soja","13":"pa_alergenos-traces-de-fruits-a-coque","14":"pa_alergenos-traces-de-lait","16":"first","17":"instock","18":"taxable","19":"shipping-taxable","20":"purchasable","21":"product-type-variable"},"_links":{"self":[{"href":"https:\/\/abuelailichocolates.com\/fr\/wp-json\/wp\/v2\/product\/13315","targetHints":{"allow":["GET"]}}],"collection":[{"href":"https:\/\/abuelailichocolates.com\/fr\/wp-json\/wp\/v2\/product"}],"about":[{"href":"https:\/\/abuelailichocolates.com\/fr\/wp-json\/wp\/v2\/types\/product"}],"replies":[{"embeddable":true,"href":"https:\/\/abuelailichocolates.com\/fr\/wp-json\/wp\/v2\/comments?post=13315"}],"wp:featuredmedia":[{"embeddable":true,"href":"https:\/\/abuelailichocolates.com\/fr\/wp-json\/wp\/v2\/media\/12734"}],"wp:attachment":[{"href":"https:\/\/abuelailichocolates.com\/fr\/wp-json\/wp\/v2\/media?parent=13315"}],"wp:term":[{"taxonomy":"product_brand","embeddable":true,"href":"https:\/\/abuelailichocolates.com\/fr\/wp-json\/wp\/v2\/product_brand?post=13315"},{"taxonomy":"product_cat","embeddable":true,"href":"https:\/\/abuelailichocolates.com\/fr\/wp-json\/wp\/v2\/product_cat?post=13315"},{"taxonomy":"product_tag","embeddable":true,"href":"https:\/\/abuelailichocolates.com\/fr\/wp-json\/wp\/v2\/product_tag?post=13315"}],"curies":[{"name":"wp","href":"https:\/\/api.w.org\/{rel}","templated":true}]}}