{"id":13513,"date":"2015-09-28T11:37:18","date_gmt":"2015-09-28T09:37:18","guid":{"rendered":"https:\/\/abuelailichocolates.com\/tienda\/chocolat-noir-aux-amandes\/"},"modified":"2015-09-28T11:37:18","modified_gmt":"2015-09-28T09:37:18","slug":"chocolat-noir-aux-amandes","status":"publish","type":"product","link":"https:\/\/abuelailichocolates.com\/fr\/producto\/chocolat-noir-aux-amandes\/","title":{"rendered":"Chocolat noir aux amandes"},"content":{"rendered":"<p><strong>Ingr\u00e9dients&nbsp;:<\/strong><\/p>\n<p><strong>Chocolat noir de couverture (75 %) :<\/strong> p\u00e2te de cacao, sucre, beurre de cacao, \u00e9mulsifiant&nbsp;: l\u00e9cithines (<strong>soja<\/strong>), ar\u00f4me naturel de vanille.<\/p>\n<p><strong>Amandes (25 %) :<\/strong> <strong>amandes<\/strong> d\u00e9cortiqu\u00e9es grill\u00e9es.<\/p>\n","protected":false},"excerpt":{"rendered":"<p>TABLETTE 110 g<\/p>\n","protected":false},"featured_media":13514,"comment_status":"closed","ping_status":"closed","template":"","meta":[],"product_brand":[194],"product_cat":[266,268],"product_tag":[283,281],"class_list":{"0":"post-13513","1":"product","2":"type-product","3":"status-publish","4":"has-post-thumbnail","6":"product_brand-abuela-ili-chocolate","7":"product_cat-chocolat-noir","8":"product_cat-tous-les-produits","9":"product_tag-110-grammes","10":"product_tag-tablettes","11":"pa_alergenos-fruits-secs","12":"pa_alergenos-peut-contenir-du-gluten","13":"pa_alergenos-soja","14":"pa_alergenos-traces-darachides","15":"pa_alergenos-traces-de-lait","17":"first","18":"instock","19":"taxable","20":"shipping-taxable","21":"purchasable","22":"product-type-simple"},"_links":{"self":[{"href":"https:\/\/abuelailichocolates.com\/fr\/wp-json\/wp\/v2\/product\/13513","targetHints":{"allow":["GET"]}}],"collection":[{"href":"https:\/\/abuelailichocolates.com\/fr\/wp-json\/wp\/v2\/product"}],"about":[{"href":"https:\/\/abuelailichocolates.com\/fr\/wp-json\/wp\/v2\/types\/product"}],"replies":[{"embeddable":true,"href":"https:\/\/abuelailichocolates.com\/fr\/wp-json\/wp\/v2\/comments?post=13513"}],"wp:featuredmedia":[{"embeddable":true,"href":"https:\/\/abuelailichocolates.com\/fr\/wp-json\/wp\/v2\/media\/13514"}],"wp:attachment":[{"href":"https:\/\/abuelailichocolates.com\/fr\/wp-json\/wp\/v2\/media?parent=13513"}],"wp:term":[{"taxonomy":"product_brand","embeddable":true,"href":"https:\/\/abuelailichocolates.com\/fr\/wp-json\/wp\/v2\/product_brand?post=13513"},{"taxonomy":"product_cat","embeddable":true,"href":"https:\/\/abuelailichocolates.com\/fr\/wp-json\/wp\/v2\/product_cat?post=13513"},{"taxonomy":"product_tag","embeddable":true,"href":"https:\/\/abuelailichocolates.com\/fr\/wp-json\/wp\/v2\/product_tag?post=13513"}],"curies":[{"name":"wp","href":"https:\/\/api.w.org\/{rel}","templated":true}]}}