{"id":13542,"date":"2020-10-31T13:51:15","date_gmt":"2020-10-31T12:51:15","guid":{"rendered":"https:\/\/abuelailichocolates.com\/tienda\/chocolat-blanc-sans-sucre-avec-des-noix\/"},"modified":"2025-12-22T13:13:33","modified_gmt":"2025-12-22T12:13:33","slug":"chocolat-blanc-sans-sucre-avec-des-noix","status":"publish","type":"product","link":"https:\/\/abuelailichocolates.com\/fr\/producto\/chocolat-blanc-sans-sucre-avec-des-noix\/","title":{"rendered":"Chocolat blanc sans sucre avec des noix"},"content":{"rendered":"<p>D\u00e9licieuse tablette de <strong>chocolat blanc sans sucre<\/strong>, \u00e9labor\u00e9e avec du <strong>maltitol<\/strong> comme \u00e9dulcorant et accompagn\u00e9e de <strong>noix naturelles<\/strong> s\u00e9lectionn\u00e9es. Une combinaison parfaite entre une douceur \u00e9quilibr\u00e9e et la touche croquante du fruit sec. <\/p>\n<h3>Ingr\u00e9dients<\/h3>\n<p>Chocolat blanc sans sucre (\u00e9dulcor\u00e9) (78 %) : \u00e9dulcorant (<strong>maltitol<\/strong>), beurre de cacao, <strong>lait entier en poudre<\/strong> (19 %), inuline, \u00e9mulsifiant (l\u00e9cithines), ar\u00f4me naturel de vanille.<br \/>\n<strong>Noix<\/strong> (22 %) en grains crus.<\/p>\n<p><strong>Poids :<\/strong> 100 g environ.<\/p>\n<h3>Composants principaux<\/h3>\n<ul>\n<li>Cacao de qualit\u00e9 avec <strong>beurre de cacao pur<\/strong>.<\/li>\n<li>\u00c9dulcorant <strong>maltitol<\/strong>, qui apporte de la douceur sans sucres ajout\u00e9s.<\/li>\n<li><strong>Lait entier en poudre<\/strong> qui apporte cr\u00e9meux et douceur.<\/li>\n<li><strong>Noix naturelles<\/strong>, riches en om\u00e9ga 3 et avec une texture croquante.<\/li>\n<\/ul>\n","protected":false},"excerpt":{"rendered":"<p>Chocolat Blanc aux Noix Sans Sucre<\/p>\n","protected":false},"featured_media":13097,"comment_status":"closed","ping_status":"closed","template":"","meta":[],"product_brand":[194],"product_cat":[399,284,267,268],"product_tag":[370,346,374,400,295],"class_list":{"0":"post-13542","1":"product","2":"type-product","3":"status-publish","4":"has-post-thumbnail","6":"product_brand-abuela-ili-chocolate","7":"product_cat-sans-sucre","8":"product_cat-chocolat-blanc","9":"product_cat-selection","10":"product_cat-tous-les-produits","11":"product_tag-100-grammes","12":"product_tag-blanc","13":"product_tag-noix","14":"product_tag-sans-sucre","15":"product_tag-tourons","16":"pa_alergenos-fruits-secs","17":"pa_alergenos-produits-laitiers","18":"pa_alergenos-traces-darachides","19":"pa_alergenos-traces-de-soja","21":"first","22":"instock","23":"taxable","24":"shipping-taxable","25":"purchasable","26":"product-type-simple"},"_links":{"self":[{"href":"https:\/\/abuelailichocolates.com\/fr\/wp-json\/wp\/v2\/product\/13542","targetHints":{"allow":["GET"]}}],"collection":[{"href":"https:\/\/abuelailichocolates.com\/fr\/wp-json\/wp\/v2\/product"}],"about":[{"href":"https:\/\/abuelailichocolates.com\/fr\/wp-json\/wp\/v2\/types\/product"}],"replies":[{"embeddable":true,"href":"https:\/\/abuelailichocolates.com\/fr\/wp-json\/wp\/v2\/comments?post=13542"}],"wp:featuredmedia":[{"embeddable":true,"href":"https:\/\/abuelailichocolates.com\/fr\/wp-json\/wp\/v2\/media\/13097"}],"wp:attachment":[{"href":"https:\/\/abuelailichocolates.com\/fr\/wp-json\/wp\/v2\/media?parent=13542"}],"wp:term":[{"taxonomy":"product_brand","embeddable":true,"href":"https:\/\/abuelailichocolates.com\/fr\/wp-json\/wp\/v2\/product_brand?post=13542"},{"taxonomy":"product_cat","embeddable":true,"href":"https:\/\/abuelailichocolates.com\/fr\/wp-json\/wp\/v2\/product_cat?post=13542"},{"taxonomy":"product_tag","embeddable":true,"href":"https:\/\/abuelailichocolates.com\/fr\/wp-json\/wp\/v2\/product_tag?post=13542"}],"curies":[{"name":"wp","href":"https:\/\/api.w.org\/{rel}","templated":true}]}}