{"id":13546,"date":"2020-10-29T17:40:35","date_gmt":"2020-10-29T16:40:35","guid":{"rendered":"https:\/\/abuelailichocolates.com\/tienda\/buche-3-chocolats\/"},"modified":"2025-12-05T17:29:54","modified_gmt":"2025-12-05T16:29:54","slug":"buche-3-chocolats","status":"publish","type":"product","link":"https:\/\/abuelailichocolates.com\/fr\/producto\/buche-3-chocolats\/","title":{"rendered":"B\u00fbche aux trois chocolats qui s\u00e9duit en douceur"},"content":{"rendered":"<p><strong>Boer de coco (41%)&nbsp;:<\/strong> farine de <strong>bl\u00e9<\/strong>, graisse v\u00e9g\u00e9tale (palme, palmiste), sucre, dextrose, graisse v\u00e9g\u00e9tale totalement hydrog\u00e9n\u00e9e (palmiste), noix de coco r\u00e2p\u00e9e (4&nbsp;%), amidon de <strong>bl\u00e9<\/strong>, huile v\u00e9g\u00e9tale (coco), poudre \u00e0 lever (bicarbonate de sodium), \u00e9mulsifiant (l\u00e9cithine de <strong>soja<\/strong>), ar\u00f4mes, sel, colorant E-160b (rocou).<\/p>\n<p><strong>Chocolat noir de couverture (33 %) :<\/strong> p\u00e2te de cacao, sucre, beurre de cacao, \u00e9mulsifiant : l\u00e9cithines (<strong>soja<\/strong>), ar\u00f4me naturel de vanille.<\/p>\n<p><strong>Gla\u00e7age au chocolat au lait (13&nbsp;%)&nbsp;:<\/strong> sucre, beurre de cacao, <strong>lait<\/strong> \u00e9cr\u00e9m\u00e9 en poudre, p\u00e2te de cacao, <strong>lactos\u00e9rum<\/strong> en poudre (<strong>lait<\/strong>), mati\u00e8re grasse <strong>laiti\u00e8re<\/strong>, <strong>lait<\/strong> entier en poudre, \u00e9mulsifiant&nbsp;: l\u00e9cithines (<strong>soja<\/strong>), ar\u00f4me naturel de vanille, ar\u00f4me<\/p>\n<p><strong>Chocolat blanc (13&nbsp;%)&nbsp;:<\/strong> sucre, beurre de cacao, <strong>lait<\/strong> \u00e9cr\u00e9m\u00e9 en poudre, mati\u00e8re grasse <strong>laiti\u00e8re<\/strong>, \u00e9mulsifiant&nbsp;: l\u00e9cithines (<strong>soja<\/strong>), ar\u00f4me naturel de vanille, ar\u00f4me.<\/p>\n","protected":false},"excerpt":{"rendered":"<p><strong>Une b\u00fbche aux trois chocolats<\/strong> avec un m\u00e9lange doux qui s\u00e9duit en douceur \u00e0 chaque bouch\u00e9e.<\/p>\n<p>1 unit\u00e9.<\/p>\n","protected":false},"featured_media":13547,"comment_status":"closed","ping_status":"closed","template":"","meta":[],"product_brand":[194],"product_cat":[277,267,268],"product_tag":[405,269,406,410],"class_list":{"0":"post-13546","1":"product","2":"type-product","3":"status-publish","4":"has-post-thumbnail","6":"product_brand-abuela-ili-chocolate","7":"product_cat-assortiments-de-chocolats","8":"product_cat-selection","9":"product_cat-tous-les-produits","10":"product_tag-3-chocolats","11":"product_tag-assortiments","12":"product_tag-buche","13":"product_tag-coco","14":"pa_alergenos-gluten","15":"pa_alergenos-produits-laitiers","16":"pa_alergenos-soja","17":"pa_alergenos-traces-de-fruits-a-coque","18":"pa_alergenos-traces-doeuf","20":"first","21":"instock","22":"taxable","23":"shipping-taxable","24":"purchasable","25":"product-type-simple"},"_links":{"self":[{"href":"https:\/\/abuelailichocolates.com\/fr\/wp-json\/wp\/v2\/product\/13546","targetHints":{"allow":["GET"]}}],"collection":[{"href":"https:\/\/abuelailichocolates.com\/fr\/wp-json\/wp\/v2\/product"}],"about":[{"href":"https:\/\/abuelailichocolates.com\/fr\/wp-json\/wp\/v2\/types\/product"}],"replies":[{"embeddable":true,"href":"https:\/\/abuelailichocolates.com\/fr\/wp-json\/wp\/v2\/comments?post=13546"}],"wp:featuredmedia":[{"embeddable":true,"href":"https:\/\/abuelailichocolates.com\/fr\/wp-json\/wp\/v2\/media\/13547"}],"wp:attachment":[{"href":"https:\/\/abuelailichocolates.com\/fr\/wp-json\/wp\/v2\/media?parent=13546"}],"wp:term":[{"taxonomy":"product_brand","embeddable":true,"href":"https:\/\/abuelailichocolates.com\/fr\/wp-json\/wp\/v2\/product_brand?post=13546"},{"taxonomy":"product_cat","embeddable":true,"href":"https:\/\/abuelailichocolates.com\/fr\/wp-json\/wp\/v2\/product_cat?post=13546"},{"taxonomy":"product_tag","embeddable":true,"href":"https:\/\/abuelailichocolates.com\/fr\/wp-json\/wp\/v2\/product_tag?post=13546"}],"curies":[{"name":"wp","href":"https:\/\/api.w.org\/{rel}","templated":true}]}}