{"id":13558,"date":"2015-09-28T11:37:18","date_gmt":"2015-09-28T09:37:18","guid":{"rendered":"https:\/\/abuelailichocolates.com\/tienda\/chocolat-noir-sans-sucre-aux-amandes\/"},"modified":"2015-09-28T11:37:18","modified_gmt":"2015-09-28T09:37:18","slug":"chocolat-noir-sans-sucre-aux-amandes","status":"publish","type":"product","link":"https:\/\/abuelailichocolates.com\/fr\/producto\/chocolat-noir-sans-sucre-aux-amandes\/","title":{"rendered":"Chocolat noir sans sucre aux amandes"},"content":{"rendered":"<p>72 % DE CACAO MINIMUM, P\u00c2TE DE CACAO, \u00c9DULCORANT : MALTITOL, BEURRE DE CACAO, CACAO D\u00c9GRAISS\u00c9 EN POUDRE, \u00c9MULSIFIANTS : L\u00c9CITHINE DE SOJA ET E476, AR\u00d4ME : VANILLE.<br \/>\nAMANDES FRITES DANS DE L\u2019HUILE DE TOURNESOL.<\/p>\n","protected":false},"excerpt":{"rendered":"<p>TABLETTE 110 g<\/p>\n","protected":false},"featured_media":13559,"comment_status":"closed","ping_status":"closed","template":"","meta":[],"product_brand":[194],"product_cat":[399,266,268],"product_tag":[283,400,281],"class_list":{"0":"post-13558","1":"product","2":"type-product","3":"status-publish","4":"has-post-thumbnail","6":"product_brand-abuela-ili-chocolate","7":"product_cat-sans-sucre","8":"product_cat-chocolat-noir","9":"product_cat-tous-les-produits","10":"product_tag-110-grammes","11":"product_tag-sans-sucre","12":"product_tag-tablettes","13":"pa_alergenos-fruits-secs","14":"pa_alergenos-gluten","15":"pa_alergenos-produits-laitiers","16":"pa_alergenos-soja","18":"first","19":"outofstock","20":"taxable","21":"shipping-taxable","22":"purchasable","23":"product-type-simple"},"_links":{"self":[{"href":"https:\/\/abuelailichocolates.com\/fr\/wp-json\/wp\/v2\/product\/13558","targetHints":{"allow":["GET"]}}],"collection":[{"href":"https:\/\/abuelailichocolates.com\/fr\/wp-json\/wp\/v2\/product"}],"about":[{"href":"https:\/\/abuelailichocolates.com\/fr\/wp-json\/wp\/v2\/types\/product"}],"replies":[{"embeddable":true,"href":"https:\/\/abuelailichocolates.com\/fr\/wp-json\/wp\/v2\/comments?post=13558"}],"wp:featuredmedia":[{"embeddable":true,"href":"https:\/\/abuelailichocolates.com\/fr\/wp-json\/wp\/v2\/media\/13559"}],"wp:attachment":[{"href":"https:\/\/abuelailichocolates.com\/fr\/wp-json\/wp\/v2\/media?parent=13558"}],"wp:term":[{"taxonomy":"product_brand","embeddable":true,"href":"https:\/\/abuelailichocolates.com\/fr\/wp-json\/wp\/v2\/product_brand?post=13558"},{"taxonomy":"product_cat","embeddable":true,"href":"https:\/\/abuelailichocolates.com\/fr\/wp-json\/wp\/v2\/product_cat?post=13558"},{"taxonomy":"product_tag","embeddable":true,"href":"https:\/\/abuelailichocolates.com\/fr\/wp-json\/wp\/v2\/product_tag?post=13558"}],"curies":[{"name":"wp","href":"https:\/\/api.w.org\/{rel}","templated":true}]}}