{"id":13581,"date":"2015-09-28T11:37:18","date_gmt":"2015-09-28T09:37:18","guid":{"rendered":"https:\/\/abuelailichocolates.com\/tienda\/chocolat-noir-70-sans-sucre-edulcore\/"},"modified":"2025-10-14T16:24:05","modified_gmt":"2025-10-14T14:24:05","slug":"chocolat-noir-70-sans-sucre-edulcore","status":"publish","type":"product","link":"https:\/\/abuelailichocolates.com\/fr\/producto\/chocolat-noir-70-sans-sucre-edulcore\/","title":{"rendered":"Chocolat noir 70 % sans sucre (\u00e9dulcor\u00e9)"},"content":{"rendered":"<p><strong>Ingr\u00e9dients :<\/strong><\/p>\n<p><strong>Chocolat noir de couverture sans sucre (100 %) :<\/strong> P\u00e2te de cacao, \u00e9dulcorant (maltitol), beurre de cacao, cacao maigre en poudre, inuline, \u00e9mulsifiant (l\u00e9cithine de tournesol), ar\u00f4me naturel de vanille.<\/p>\n<p>TABLETTE DE 50grs et 110grs.<\/p>\n","protected":false},"excerpt":{"rendered":"<p>Chocolat noir 70 %, sans sucre (\u00e9dulcor\u00e9)<\/p>\n","protected":false},"featured_media":13582,"comment_status":"closed","ping_status":"closed","template":"","meta":[],"product_brand":[194],"product_cat":[399,266,268],"product_tag":[283,282,400,281],"class_list":{"0":"post-13581","1":"product","2":"type-product","3":"status-publish","4":"has-post-thumbnail","6":"product_brand-abuela-ili-chocolate","7":"product_cat-sans-sucre","8":"product_cat-chocolat-noir","9":"product_cat-tous-les-produits","10":"product_tag-110-grammes","11":"product_tag-50-grammes","12":"product_tag-sans-sucre","13":"product_tag-tablettes","14":"pa_alergenos-peut-contenir-du-gluten","15":"pa_alergenos-traces-de-fruits-a-coque","16":"pa_alergenos-traces-de-lait","17":"pa_alergenos-traces-de-soja","19":"first","20":"instock","21":"taxable","22":"shipping-taxable","23":"purchasable","24":"product-type-variable"},"_links":{"self":[{"href":"https:\/\/abuelailichocolates.com\/fr\/wp-json\/wp\/v2\/product\/13581","targetHints":{"allow":["GET"]}}],"collection":[{"href":"https:\/\/abuelailichocolates.com\/fr\/wp-json\/wp\/v2\/product"}],"about":[{"href":"https:\/\/abuelailichocolates.com\/fr\/wp-json\/wp\/v2\/types\/product"}],"replies":[{"embeddable":true,"href":"https:\/\/abuelailichocolates.com\/fr\/wp-json\/wp\/v2\/comments?post=13581"}],"wp:featuredmedia":[{"embeddable":true,"href":"https:\/\/abuelailichocolates.com\/fr\/wp-json\/wp\/v2\/media\/13582"}],"wp:attachment":[{"href":"https:\/\/abuelailichocolates.com\/fr\/wp-json\/wp\/v2\/media?parent=13581"}],"wp:term":[{"taxonomy":"product_brand","embeddable":true,"href":"https:\/\/abuelailichocolates.com\/fr\/wp-json\/wp\/v2\/product_brand?post=13581"},{"taxonomy":"product_cat","embeddable":true,"href":"https:\/\/abuelailichocolates.com\/fr\/wp-json\/wp\/v2\/product_cat?post=13581"},{"taxonomy":"product_tag","embeddable":true,"href":"https:\/\/abuelailichocolates.com\/fr\/wp-json\/wp\/v2\/product_tag?post=13581"}],"curies":[{"name":"wp","href":"https:\/\/api.w.org\/{rel}","templated":true}]}}