{"id":13593,"date":"2016-12-30T17:06:08","date_gmt":"2016-12-30T16:06:08","guid":{"rendered":"https:\/\/abuelailichocolates.com\/tienda\/cacao-a-la-tasse-sans-sucre-edulcore\/"},"modified":"2016-12-30T17:06:08","modified_gmt":"2016-12-30T16:06:08","slug":"cacao-a-la-tasse-sans-sucre-edulcore","status":"publish","type":"product","link":"https:\/\/abuelailichocolates.com\/fr\/producto\/cacao-a-la-tasse-sans-sucre-edulcore\/","title":{"rendered":"Cacao \u00e0 la tasse sans sucre (\u00e9dulcor\u00e9)"},"content":{"rendered":"<p>Ingr\u00e9dients : Maltitol, cacao d\u00e9graiss\u00e9 en poudre (22 %), amidon de ma\u00efs, ar\u00f4mes et vanilline.<\/p>\n<p><strong>Produit sans gluten.<\/strong><\/p>\n<p>Mode d\u2019emploi :<br \/>\n1. Chauffer une tasse de lait, au micro-ondes 2 minutes ou au bain-marie jusqu\u2019\u00e0 \u00e9bullition.<br \/>\n2. Ajouter 3 cuill\u00e8res \u00e0 dessert de cacao \u00e0 la tasse abuela ili. (En ajouter plus ou moins, selon l\u2019\u00e9paisseur d\u00e9sir\u00e9e.)<br \/>\n3. R\u00e9chauffer jusqu\u2019\u00e0 ce que le m\u00e9lange \u00e9paississe. <\/p>\n","protected":false},"excerpt":{"rendered":"<p>D\u00e9licieux chocolat \u00e0 la tasse. Maintenant sans sucre. 300 grs.  <\/p>\n","protected":false},"featured_media":13594,"comment_status":"closed","ping_status":"closed","template":"","meta":[],"product_brand":[194],"product_cat":[399,267,268],"product_tag":[269,400],"class_list":{"0":"post-13593","1":"product","2":"type-product","3":"status-publish","4":"has-post-thumbnail","6":"product_brand-abuela-ili-chocolate","7":"product_cat-sans-sucre","8":"product_cat-selection","9":"product_cat-tous-les-produits","10":"product_tag-assortiments","11":"product_tag-sans-sucre","12":"pa_alergenos-traces-de-fruits-a-coque","13":"pa_alergenos-traces-de-lait","15":"first","16":"outofstock","17":"taxable","18":"shipping-taxable","19":"purchasable","20":"product-type-simple"},"_links":{"self":[{"href":"https:\/\/abuelailichocolates.com\/fr\/wp-json\/wp\/v2\/product\/13593","targetHints":{"allow":["GET"]}}],"collection":[{"href":"https:\/\/abuelailichocolates.com\/fr\/wp-json\/wp\/v2\/product"}],"about":[{"href":"https:\/\/abuelailichocolates.com\/fr\/wp-json\/wp\/v2\/types\/product"}],"replies":[{"embeddable":true,"href":"https:\/\/abuelailichocolates.com\/fr\/wp-json\/wp\/v2\/comments?post=13593"}],"wp:featuredmedia":[{"embeddable":true,"href":"https:\/\/abuelailichocolates.com\/fr\/wp-json\/wp\/v2\/media\/13594"}],"wp:attachment":[{"href":"https:\/\/abuelailichocolates.com\/fr\/wp-json\/wp\/v2\/media?parent=13593"}],"wp:term":[{"taxonomy":"product_brand","embeddable":true,"href":"https:\/\/abuelailichocolates.com\/fr\/wp-json\/wp\/v2\/product_brand?post=13593"},{"taxonomy":"product_cat","embeddable":true,"href":"https:\/\/abuelailichocolates.com\/fr\/wp-json\/wp\/v2\/product_cat?post=13593"},{"taxonomy":"product_tag","embeddable":true,"href":"https:\/\/abuelailichocolates.com\/fr\/wp-json\/wp\/v2\/product_tag?post=13593"}],"curies":[{"name":"wp","href":"https:\/\/api.w.org\/{rel}","templated":true}]}}