{"id":13603,"date":"2020-10-31T13:05:11","date_gmt":"2020-10-31T12:05:11","guid":{"rendered":"https:\/\/abuelailichocolates.com\/tienda\/chocolat-au-lait-sans-sucre-avec-fruits-secs\/"},"modified":"2025-12-22T13:14:17","modified_gmt":"2025-12-22T12:14:17","slug":"chocolat-au-lait-sans-sucre-avec-fruits-secs","status":"publish","type":"product","link":"https:\/\/abuelailichocolates.com\/fr\/producto\/chocolat-au-lait-sans-sucre-avec-fruits-secs\/","title":{"rendered":"Chocolat au lait sans sucre avec fruits secs"},"content":{"rendered":"<h2>Ingr\u00e9dients<\/h2>\n<h3>Chocolat au lait sans sucre aux amandes<\/h3>\n<ul>\n<li><strong>Chocolat au lait sans sucre (72 %) :<\/strong> \u00e9dulcorant (<strong>maltitol<\/strong>), beurre de cacao, lait entier en poudre (17 %), p\u00e2te de cacao, \u00e9mulsifiant : l\u00e9cithine de tournesol, ar\u00f4me naturel de vanille.<\/li>\n<li><strong>Amandes grill\u00e9es (28 %) :<\/strong> amandes mond\u00e9es.<\/li>\n<\/ul>\n<h3>Chocolat au lait sans sucre aux noix<\/h3>\n<ul>\n<li><strong>Chocolat au lait sans sucre (78 %) :<\/strong> \u00e9dulcorant (<strong>maltitol<\/strong>), beurre de cacao, lait entier en poudre (17 %), p\u00e2te de cacao, \u00e9mulsifiant : l\u00e9cithine de tournesol, ar\u00f4me naturel de vanille.<\/li>\n<li><strong>Noix (22 %) :<\/strong> en grains crus.<\/li>\n<\/ul>\n<p><strong>Poids :<\/strong> 100 g environ.<\/p>\n<p>Fabriqu\u00e9 artisanalement dans <strong>La Alpujarra (Grenade)<\/strong> par <strong>Abuela Ili Chocolates<\/strong>, avec l&rsquo;\u00e9quilibre parfait entre saveur et tradition.<\/p>\n","protected":false},"excerpt":{"rendered":"<p>Sans sucre, \u00e9dulcor\u00e9.<\/p>\n<ul>\n<li>Amande<\/li>\n<li>Noix<\/li>\n<\/ul>\n<p>Poids : 100grs environ <\/p>\n","protected":false},"featured_media":13105,"comment_status":"closed","ping_status":"closed","template":"","meta":[],"product_brand":[194],"product_cat":[399,285,268],"product_tag":[370,342,417,374,400,295],"class_list":{"0":"post-13603","1":"product","2":"type-product","3":"status-publish","4":"has-post-thumbnail","6":"product_brand-abuela-ili-chocolate","7":"product_cat-sans-sucre","8":"product_cat-chocolat-au-lait","9":"product_cat-tous-les-produits","10":"product_tag-100-grammes","11":"product_tag-amandes","12":"product_tag-fruits-secs","13":"product_tag-noix","14":"product_tag-sans-sucre","15":"product_tag-tourons","16":"pa_alergenos-fruits-secs","17":"pa_alergenos-produits-laitiers","18":"pa_alergenos-traces-de-soja","20":"first","21":"instock","22":"taxable","23":"shipping-taxable","24":"purchasable","25":"product-type-variable"},"_links":{"self":[{"href":"https:\/\/abuelailichocolates.com\/fr\/wp-json\/wp\/v2\/product\/13603","targetHints":{"allow":["GET"]}}],"collection":[{"href":"https:\/\/abuelailichocolates.com\/fr\/wp-json\/wp\/v2\/product"}],"about":[{"href":"https:\/\/abuelailichocolates.com\/fr\/wp-json\/wp\/v2\/types\/product"}],"replies":[{"embeddable":true,"href":"https:\/\/abuelailichocolates.com\/fr\/wp-json\/wp\/v2\/comments?post=13603"}],"wp:featuredmedia":[{"embeddable":true,"href":"https:\/\/abuelailichocolates.com\/fr\/wp-json\/wp\/v2\/media\/13105"}],"wp:attachment":[{"href":"https:\/\/abuelailichocolates.com\/fr\/wp-json\/wp\/v2\/media?parent=13603"}],"wp:term":[{"taxonomy":"product_brand","embeddable":true,"href":"https:\/\/abuelailichocolates.com\/fr\/wp-json\/wp\/v2\/product_brand?post=13603"},{"taxonomy":"product_cat","embeddable":true,"href":"https:\/\/abuelailichocolates.com\/fr\/wp-json\/wp\/v2\/product_cat?post=13603"},{"taxonomy":"product_tag","embeddable":true,"href":"https:\/\/abuelailichocolates.com\/fr\/wp-json\/wp\/v2\/product_tag?post=13603"}],"curies":[{"name":"wp","href":"https:\/\/api.w.org\/{rel}","templated":true}]}}