{"id":13687,"date":"2021-01-29T21:01:46","date_gmt":"2021-01-29T20:01:46","guid":{"rendered":"https:\/\/abuelailichocolates.com\/tienda\/pack-special-saint-valentin\/"},"modified":"2025-10-20T14:04:12","modified_gmt":"2025-10-20T12:04:12","slug":"pack-special-saint-valentin","status":"publish","type":"product","link":"https:\/\/abuelailichocolates.com\/fr\/producto\/pack-special-saint-valentin\/","title":{"rendered":"Pack Sp\u00e9cial Saint-Valentin"},"content":{"rendered":"<p><strong>Chocolat blanc<\/strong> : (29,6 % de cacao minimum), sucre, beurre de cacao, <strong>lait<\/strong> \u00e9cr\u00e9m\u00e9 en poudre, mati\u00e8re grasse laiti\u00e8re anhydre, \u00e9mulsifiant (l\u00e9cithine de <strong>soja<\/strong>), ar\u00f4me naturel de vanille, ar\u00f4me.<\/p>\n<p><strong>Chocolat au lait<\/strong> : (36,5 % de cacao minimum), sucre, beurre de cacao, <strong>lait<\/strong> \u00e9cr\u00e9m\u00e9 en poudre, p\u00e2te de cacao, lactos\u00e9rum en poudre (<strong>lait<\/strong>), mati\u00e8re grasse laiti\u00e8re anhydre, <strong>lait<\/strong> entier en poudre, \u00e9mulsifiant (l\u00e9cithine de <strong>soja<\/strong>), ar\u00f4me, ar\u00f4me naturel de vanille.<\/p>\n<p><strong>Chocolat noir :<\/strong> (52 % de cacao minimum) sucre, p\u00e2te de cacao, beurre de cacao, \u00e9mulsifiant (e-322 l\u00e9cithine de soja) et ar\u00f4me naturel de vanille.<\/p>\n<p><strong>Noix<\/strong> : noix naturelles.<\/p>\n<p><strong>Pruneau d\u00e9noyaut\u00e9<\/strong> : prunes, huile v\u00e9g\u00e9tale de tournesol et conservateurs acide sorbique et sorbate de potassium.<\/p>\n<p><strong>Figues s\u00e8ches<\/strong> : figues s\u00e8ches et farine de bl\u00e9.<\/p>\n<p><strong>Confiture de lait :<\/strong> lait, sucre blanc, glucose de ma\u00efs, carragh\u00e9nane.<\/p>\n<p><strong>P\u00e2te \u00e0 tartiner saveur biscuit :<\/strong> sirop de glucose, lait concentr\u00e9, jaune d&rsquo;\u0153uf, ar\u00f4me, eau, sucre caram\u00e9lis\u00e9, colorants : carot\u00e9no\u00efde et E150d.<\/p>\n<p><strong>Biscuits :<\/strong> farine de bl\u00e9 (63 %), sucre, huile de tournesol raffin\u00e9e (13,8 %), sirop de glucose, lactos\u00e9rum en poudre, sel, poudres \u00e0 lever (bicarbonate de sodium et d&rsquo;ammonium), \u00e9mulsifiant : l\u00e9cithine de tournesol, antioxydant : m\u00e9tabisulfite de sodium, extrait riche en tocoph\u00e9rols, ar\u00f4me.<\/p>\n<p><strong>Riz souffl\u00e9 :<\/strong> farine de riz (54 %), chocolat en poudre (21 %) : sucre et cacao, semoule de ma\u00efs, sirop de glucose de bl\u00e9, sel, ar\u00f4me.<\/p>\n<p><strong>Noix de coco r\u00e2p\u00e9e.<\/strong><\/p>\n","protected":false},"excerpt":{"rendered":"<p>Tombe amoureux de notre pack exclusif compos\u00e9 d&rsquo;une tasse Abuela Ili, d&rsquo;un morceau de chocolat blanc aux noix et aux pruneaux, et d&rsquo;un assortiment de 5 chocolats de la grand-m\u00e8re et 4 chocolats \u00e0 la figue.<\/p>\n","protected":false},"featured_media":13688,"comment_status":"closed","ping_status":"closed","template":"","meta":[],"product_brand":[194],"product_cat":[267,277,268],"product_tag":[269,477],"class_list":{"0":"post-13687","1":"product","2":"type-product","3":"status-publish","4":"has-post-thumbnail","6":"product_brand-abuela-ili-chocolate","7":"product_cat-selection","8":"product_cat-assortiments-de-chocolats","9":"product_cat-tous-les-produits","10":"product_tag-assortiments","11":"product_tag-saint-valentin","12":"pa_alergenos-fruits-secs","13":"pa_alergenos-gluten","14":"pa_alergenos-produits-laitiers","15":"pa_alergenos-soja","17":"first","18":"outofstock","19":"taxable","20":"shipping-taxable","21":"purchasable","22":"product-type-simple"},"_links":{"self":[{"href":"https:\/\/abuelailichocolates.com\/fr\/wp-json\/wp\/v2\/product\/13687","targetHints":{"allow":["GET"]}}],"collection":[{"href":"https:\/\/abuelailichocolates.com\/fr\/wp-json\/wp\/v2\/product"}],"about":[{"href":"https:\/\/abuelailichocolates.com\/fr\/wp-json\/wp\/v2\/types\/product"}],"replies":[{"embeddable":true,"href":"https:\/\/abuelailichocolates.com\/fr\/wp-json\/wp\/v2\/comments?post=13687"}],"wp:featuredmedia":[{"embeddable":true,"href":"https:\/\/abuelailichocolates.com\/fr\/wp-json\/wp\/v2\/media\/13688"}],"wp:attachment":[{"href":"https:\/\/abuelailichocolates.com\/fr\/wp-json\/wp\/v2\/media?parent=13687"}],"wp:term":[{"taxonomy":"product_brand","embeddable":true,"href":"https:\/\/abuelailichocolates.com\/fr\/wp-json\/wp\/v2\/product_brand?post=13687"},{"taxonomy":"product_cat","embeddable":true,"href":"https:\/\/abuelailichocolates.com\/fr\/wp-json\/wp\/v2\/product_cat?post=13687"},{"taxonomy":"product_tag","embeddable":true,"href":"https:\/\/abuelailichocolates.com\/fr\/wp-json\/wp\/v2\/product_tag?post=13687"}],"curies":[{"name":"wp","href":"https:\/\/api.w.org\/{rel}","templated":true}]}}