{"id":13694,"date":"2022-11-16T16:14:51","date_gmt":"2022-11-16T15:14:51","guid":{"rendered":"https:\/\/abuelailichocolates.com\/tienda\/etoile-de-noel\/"},"modified":"2022-11-16T16:14:51","modified_gmt":"2022-11-16T15:14:51","slug":"etoile-de-noel","status":"publish","type":"product","link":"https:\/\/abuelailichocolates.com\/fr\/producto\/etoile-de-noel\/","title":{"rendered":"\u00c9toile de No\u00ebl"},"content":{"rendered":"<p>INGR\u00c9DIENTS :<\/p>\n<p>*FIGURINES EN CHOCOLAT AU LAIT : CHOCOLAT AU LAIT (100 %) : SUCRE, BEURRE DE CACAO, LAIT ENTIER EN POUDRE, P\u00c2TE DE CACAO, LACTOS\u00c9RUM EN POUDRE, \u00c9MULSIFIANT (E-322) ET AR\u00d4ME.<\/p>\n<p>*FIGURINES EN CHOCOLAT BLANC : CHOCOLAT BLANC (100 %) : SUCRE, BEURRE DE CACAO, LAIT EN POUDRE, LACTOS\u00c9RUM EN POUDRE, \u00c9MULSIFIANT : L\u00c9CITHINE DE SOJA. AR\u00d4ME NATUREL (VANILLE). <\/p>\n","protected":false},"excerpt":{"rendered":"<p>\u00c9toile de No\u00ebl originale avec 3 figurines en chocolat blanc et 3 figurines en chocolat au lait \u00e0 l&rsquo;int\u00e9rieur.<\/p>\n","protected":false},"featured_media":9494,"comment_status":"closed","ping_status":"closed","template":"","meta":[],"product_brand":[194],"product_cat":[267,285,284,268],"product_tag":[269,309],"class_list":{"0":"post-13694","1":"product","2":"type-product","3":"status-publish","4":"has-post-thumbnail","6":"product_brand-abuela-ili-chocolate","7":"product_cat-selection","8":"product_cat-chocolat-au-lait","9":"product_cat-chocolat-blanc","10":"product_cat-tous-les-produits","11":"product_tag-assortiments","12":"product_tag-noel","14":"first","15":"outofstock","16":"taxable","17":"shipping-taxable","18":"purchasable","19":"product-type-variable"},"_links":{"self":[{"href":"https:\/\/abuelailichocolates.com\/fr\/wp-json\/wp\/v2\/product\/13694","targetHints":{"allow":["GET"]}}],"collection":[{"href":"https:\/\/abuelailichocolates.com\/fr\/wp-json\/wp\/v2\/product"}],"about":[{"href":"https:\/\/abuelailichocolates.com\/fr\/wp-json\/wp\/v2\/types\/product"}],"replies":[{"embeddable":true,"href":"https:\/\/abuelailichocolates.com\/fr\/wp-json\/wp\/v2\/comments?post=13694"}],"wp:featuredmedia":[{"embeddable":true,"href":"https:\/\/abuelailichocolates.com\/fr\/wp-json\/wp\/v2\/media\/9494"}],"wp:attachment":[{"href":"https:\/\/abuelailichocolates.com\/fr\/wp-json\/wp\/v2\/media?parent=13694"}],"wp:term":[{"taxonomy":"product_brand","embeddable":true,"href":"https:\/\/abuelailichocolates.com\/fr\/wp-json\/wp\/v2\/product_brand?post=13694"},{"taxonomy":"product_cat","embeddable":true,"href":"https:\/\/abuelailichocolates.com\/fr\/wp-json\/wp\/v2\/product_cat?post=13694"},{"taxonomy":"product_tag","embeddable":true,"href":"https:\/\/abuelailichocolates.com\/fr\/wp-json\/wp\/v2\/product_tag?post=13694"}],"curies":[{"name":"wp","href":"https:\/\/api.w.org\/{rel}","templated":true}]}}