{"id":13767,"date":"2023-11-26T13:24:30","date_gmt":"2023-11-26T12:24:30","guid":{"rendered":"https:\/\/abuelailichocolates.com\/tienda\/turron-de-chocolat-blanc-avec-creme-et-cacahuete\/"},"modified":"2023-11-26T13:24:30","modified_gmt":"2023-11-26T12:24:30","slug":"turron-de-chocolat-blanc-avec-creme-et-cacahuete","status":"publish","type":"product","link":"https:\/\/abuelailichocolates.com\/fr\/producto\/turron-de-chocolat-blanc-avec-creme-et-cacahuete\/","title":{"rendered":"Turron de Chocolat Blanc avec Cr\u00e8me et Cacahu\u00e8te"},"content":{"rendered":"<p>Ingr\u00e9dients :<\/p>\n<p><strong>*Chocolat blanc (72 %) :<\/strong> sucre, beurre de cacao, <b>lait<\/b> \u00e9cr\u00e9m\u00e9 en poudre, mati\u00e8re grasse <strong>laiti\u00e8re<\/strong>, \u00e9mulsifiant : l\u00e9cithines (<strong>soja<\/strong>), ar\u00f4me naturel de vanille, ar\u00f4me.<\/p>\n<p><strong>*Cr\u00e8me White Crock (28 %) :<\/strong> huile v\u00e9g\u00e9tale (tournesol), sucre, <strong>lait<\/strong> \u00e9cr\u00e9m\u00e9 en poudre, cr\u00eapes finement \u00e9miett\u00e9es 8 % (farine de <strong>bl\u00e9<\/strong>, sucre, beurre concentr\u00e9 15 %, <strong>lait<\/strong> \u00e9cr\u00e9m\u00e9 en poudre, colorant : E150a \u2013 caramel ordinaire, sel, extrait de malt d&rsquo;<strong>orge<\/strong>, \u00e9mulsifiant : E322 \u2013 l\u00e9cithine de tournesol), <strong>lactose<\/strong>, lactos\u00e9rum en poudre, chocolat blanc 5 % (sucre, beurre de cacao, <strong>lait<\/strong> entier en poudre) \u00e9mulsifiant l\u00e9cithine (<strong>soja<\/strong>), ar\u00f4me, antioxydant : extrait de romarin.<\/p>\n","protected":false},"excerpt":{"rendered":"<p>TABLETTE 45 grs.<\/p>\n","protected":false},"featured_media":13768,"comment_status":"closed","ping_status":"closed","template":"","meta":[],"product_brand":[194],"product_cat":[268,284],"product_tag":[479,281,295],"class_list":{"0":"post-13767","1":"product","2":"type-product","3":"status-publish","4":"has-post-thumbnail","6":"product_brand-abuela-ili-chocolate","7":"product_cat-tous-les-produits","8":"product_cat-chocolat-blanc","9":"product_tag-45-grammes","10":"product_tag-tablettes","11":"product_tag-tourons","12":"pa_alergenos-gluten","13":"pa_alergenos-produits-laitiers","14":"pa_alergenos-soja","15":"pa_alergenos-traces-darachides","16":"pa_alergenos-traces-de-fruits-a-coque","17":"pa_alergenos-traces-doeuf","19":"first","20":"outofstock","21":"taxable","22":"shipping-taxable","23":"purchasable","24":"product-type-simple"},"_links":{"self":[{"href":"https:\/\/abuelailichocolates.com\/fr\/wp-json\/wp\/v2\/product\/13767","targetHints":{"allow":["GET"]}}],"collection":[{"href":"https:\/\/abuelailichocolates.com\/fr\/wp-json\/wp\/v2\/product"}],"about":[{"href":"https:\/\/abuelailichocolates.com\/fr\/wp-json\/wp\/v2\/types\/product"}],"replies":[{"embeddable":true,"href":"https:\/\/abuelailichocolates.com\/fr\/wp-json\/wp\/v2\/comments?post=13767"}],"wp:featuredmedia":[{"embeddable":true,"href":"https:\/\/abuelailichocolates.com\/fr\/wp-json\/wp\/v2\/media\/13768"}],"wp:attachment":[{"href":"https:\/\/abuelailichocolates.com\/fr\/wp-json\/wp\/v2\/media?parent=13767"}],"wp:term":[{"taxonomy":"product_brand","embeddable":true,"href":"https:\/\/abuelailichocolates.com\/fr\/wp-json\/wp\/v2\/product_brand?post=13767"},{"taxonomy":"product_cat","embeddable":true,"href":"https:\/\/abuelailichocolates.com\/fr\/wp-json\/wp\/v2\/product_cat?post=13767"},{"taxonomy":"product_tag","embeddable":true,"href":"https:\/\/abuelailichocolates.com\/fr\/wp-json\/wp\/v2\/product_tag?post=13767"}],"curies":[{"name":"wp","href":"https:\/\/api.w.org\/{rel}","templated":true}]}}