{"id":13796,"date":"2020-11-08T13:55:26","date_gmt":"2020-11-08T12:55:26","guid":{"rendered":"https:\/\/abuelailichocolates.com\/tienda\/pate-a-glacer-au-chocolat-au-lait\/"},"modified":"2020-11-08T13:55:26","modified_gmt":"2020-11-08T12:55:26","slug":"pate-a-glacer-au-chocolat-au-lait","status":"publish","type":"product","link":"https:\/\/abuelailichocolates.com\/fr\/producto\/pate-a-glacer-au-chocolat-au-lait\/","title":{"rendered":"P\u00e2te \u00e0 glacer au chocolat au lait"},"content":{"rendered":"<p>D\u00e9licieuse <strong>p\u00e2te \u00e0 glacer au chocolat au lait en perles<\/strong>, \u00e9labor\u00e9e artisanalement dans la <strong>fabrique d&rsquo;Abuela Ili Chocolates<\/strong> dans l&rsquo;Alpujarra. Parfaite pour la p\u00e2tisserie, les desserts, les chocolats ou les tablettes faites maison, gr\u00e2ce \u00e0 sa texture fluide et \u00e0 sa saveur \u00e9quilibr\u00e9e. Elle fond facilement et conserve un brillant naturel id\u00e9al pour des finitions professionnelles ou faites maison.  <\/p>\n<h3>Caract\u00e9ristiques<\/h3>\n<ul>\n<li>Chocolat au lait 100 % de haute qualit\u00e9.<\/li>\n<li>Format en perles : facile \u00e0 peser, \u00e0 faire fondre et \u00e0 doser.<\/li>\n<li>Saveur douce, avec des notes de cacao et de vanille.<\/li>\n<li><strong>Sans gluten.<\/strong><\/li>\n<li>Disponible en formats de 500 g et 1 kg.<\/li>\n<\/ul>\n<h3>Ingr\u00e9dients<\/h3>\n<p><strong>Chocolat au lait (100 %)<\/strong> : sucre, beurre de cacao, lait entier en poudre, p\u00e2te de cacao, \u00e9mulsifiant (l\u00e9cithine de tournesol e-322) et extrait naturel de vanille.<\/p>\n<h3>Mode d&#8217;emploi<\/h3>\n<p>Id\u00e9ale pour les couvertures de tartes, les tablettes, les garnitures ou les enrobages de p\u00e2tisserie. Elle fond facilement au bain-marie ou au micro-ondes \u00e0 basse puissance. Elle peut \u00e9galement \u00eatre utilis\u00e9e pour \u00e9laborer des cr\u00e8mes, des ganaches et des truffes au chocolat au lait.  <\/p>\n","protected":false},"excerpt":{"rendered":"<p>P\u00e2te \u00e0 glacer au chocolat au lait en perles.<\/p>\n<ul>\n<li>500 g<\/li>\n<li>1 kg<\/li>\n<\/ul>\n","protected":false},"featured_media":7064,"comment_status":"closed","ping_status":"closed","template":"","meta":[],"product_brand":[194],"product_cat":[285,305,268],"product_tag":[269],"class_list":{"0":"post-13796","1":"product","2":"type-product","3":"status-publish","4":"has-post-thumbnail","6":"product_brand-abuela-ili-chocolate","7":"product_cat-chocolat-au-lait","8":"product_cat-couvertures","9":"product_cat-tous-les-produits","10":"product_tag-assortiments","11":"pa_alergenos-produits-laitiers","13":"first","14":"outofstock","15":"taxable","16":"shipping-taxable","17":"purchasable","18":"product-type-variable"},"_links":{"self":[{"href":"https:\/\/abuelailichocolates.com\/fr\/wp-json\/wp\/v2\/product\/13796","targetHints":{"allow":["GET"]}}],"collection":[{"href":"https:\/\/abuelailichocolates.com\/fr\/wp-json\/wp\/v2\/product"}],"about":[{"href":"https:\/\/abuelailichocolates.com\/fr\/wp-json\/wp\/v2\/types\/product"}],"replies":[{"embeddable":true,"href":"https:\/\/abuelailichocolates.com\/fr\/wp-json\/wp\/v2\/comments?post=13796"}],"wp:featuredmedia":[{"embeddable":true,"href":"https:\/\/abuelailichocolates.com\/fr\/wp-json\/wp\/v2\/media\/7064"}],"wp:attachment":[{"href":"https:\/\/abuelailichocolates.com\/fr\/wp-json\/wp\/v2\/media?parent=13796"}],"wp:term":[{"taxonomy":"product_brand","embeddable":true,"href":"https:\/\/abuelailichocolates.com\/fr\/wp-json\/wp\/v2\/product_brand?post=13796"},{"taxonomy":"product_cat","embeddable":true,"href":"https:\/\/abuelailichocolates.com\/fr\/wp-json\/wp\/v2\/product_cat?post=13796"},{"taxonomy":"product_tag","embeddable":true,"href":"https:\/\/abuelailichocolates.com\/fr\/wp-json\/wp\/v2\/product_tag?post=13796"}],"curies":[{"name":"wp","href":"https:\/\/api.w.org\/{rel}","templated":true}]}}