{"id":13803,"date":"2015-09-28T11:37:18","date_gmt":"2015-09-28T09:37:18","guid":{"rendered":"https:\/\/abuelailichocolates.com\/tienda\/chocolat-noir-a-la-reglisse\/"},"modified":"2015-09-28T11:37:18","modified_gmt":"2015-09-28T09:37:18","slug":"chocolat-noir-a-la-reglisse","status":"publish","type":"product","link":"https:\/\/abuelailichocolates.com\/fr\/producto\/chocolat-noir-a-la-reglisse\/","title":{"rendered":"Chocolat noir \u00e0 la r\u00e9glisse"},"content":{"rendered":"<p>Une combinaison surprenante et \u00e9l\u00e9gante : l&rsquo;intensit\u00e9 du <strong>chocolat noir<\/strong> s&rsquo;allie \u00e0 la touche aromatique et l\u00e9g\u00e8rement sucr\u00e9e de la <strong>r\u00e9glisse naturelle<\/strong>. \u00c9labor\u00e9e artisanalement dans la <strong>fabrique d&rsquo;Abuela Ili Chocolates<\/strong> dans l&rsquo;Alpujarra, cette tablette offre une saveur profonde et sophistiqu\u00e9e pour les palais qui recherchent quelque chose de diff\u00e9rent. <\/p>\n<h3>Une saveur avec de la personnalit\u00e9<\/h3>\n<p>Le <strong>chocolat noir 70 %<\/strong> apporte des notes intenses de cacao, \u00e9quilibr\u00e9es par la douceur de la r\u00e9glisse. Une combinaison parfaite pour ceux qui appr\u00e9cient les contrastes entre l&rsquo;amer et le sucr\u00e9, avec une finale aromatique qui surprend \u00e0 chaque bouch\u00e9e. <\/p>\n<h3>Ingr\u00e9dients<\/h3>\n<p><strong>Chocolat noir (70 % cacao minimum)<\/strong> : p\u00e2te de cacao, sucre, beurre de cacao, \u00e9mulsifiant (l\u00e9cithine de soja) et ar\u00f4me naturel de vanille.<br \/>\n<strong>Ar\u00f4me naturel de r\u00e9glisse<\/strong> : extrait naturel de r\u00e9glisse, sucre inverti et stabilisants (glyc\u00e9rine et ar\u00f4me).<\/p>\n<h3>Comment le savourer<\/h3>\n<p>Id\u00e9al \u00e0 d\u00e9guster seul, \u00e0 accompagner avec du caf\u00e9 ou \u00e0 marier avec des vins rouges l\u00e9gers. Sa saveur \u00e9l\u00e9gante et enveloppante transforme cette tablette en une exp\u00e9rience unique du <strong>chocolat artisanal de l&rsquo;Alpujarra<\/strong>. <\/p>\n<h3>\u00c9labor\u00e9 artisanalement<\/h3>\n<p>Chaque tablette de <strong>chocolat noir \u00e0 la r\u00e9glisse<\/strong> est <strong>faite avec amour chez Abuela Ili Chocolates<\/strong>, dans le respect de la tradition chocolati\u00e8re et en utilisant des ingr\u00e9dients de qualit\u00e9 sup\u00e9rieure.<\/p>\n","protected":false},"excerpt":{"rendered":"<p>Chocolat noir \u00e0 la r\u00e9glisse TABLETTE 50grs.<\/p>\n","protected":false},"featured_media":13804,"comment_status":"closed","ping_status":"closed","template":"","meta":[],"product_brand":[194],"product_cat":[266,268],"product_tag":[282,387,493,281],"class_list":{"0":"post-13803","1":"product","2":"type-product","3":"status-publish","4":"has-post-thumbnail","6":"product_brand-abuela-ili-chocolate","7":"product_cat-chocolat-noir","8":"product_cat-tous-les-produits","9":"product_tag-50-grammes","10":"product_tag-noir","11":"product_tag-reglisse","12":"product_tag-tablettes","13":"pa_alergenos-fruits-secs","14":"pa_alergenos-produits-laitiers","15":"pa_alergenos-soja","17":"first","18":"outofstock","19":"taxable","20":"shipping-taxable","21":"purchasable","22":"product-type-simple"},"_links":{"self":[{"href":"https:\/\/abuelailichocolates.com\/fr\/wp-json\/wp\/v2\/product\/13803","targetHints":{"allow":["GET"]}}],"collection":[{"href":"https:\/\/abuelailichocolates.com\/fr\/wp-json\/wp\/v2\/product"}],"about":[{"href":"https:\/\/abuelailichocolates.com\/fr\/wp-json\/wp\/v2\/types\/product"}],"replies":[{"embeddable":true,"href":"https:\/\/abuelailichocolates.com\/fr\/wp-json\/wp\/v2\/comments?post=13803"}],"wp:featuredmedia":[{"embeddable":true,"href":"https:\/\/abuelailichocolates.com\/fr\/wp-json\/wp\/v2\/media\/13804"}],"wp:attachment":[{"href":"https:\/\/abuelailichocolates.com\/fr\/wp-json\/wp\/v2\/media?parent=13803"}],"wp:term":[{"taxonomy":"product_brand","embeddable":true,"href":"https:\/\/abuelailichocolates.com\/fr\/wp-json\/wp\/v2\/product_brand?post=13803"},{"taxonomy":"product_cat","embeddable":true,"href":"https:\/\/abuelailichocolates.com\/fr\/wp-json\/wp\/v2\/product_cat?post=13803"},{"taxonomy":"product_tag","embeddable":true,"href":"https:\/\/abuelailichocolates.com\/fr\/wp-json\/wp\/v2\/product_tag?post=13803"}],"curies":[{"name":"wp","href":"https:\/\/api.w.org\/{rel}","templated":true}]}}