{"id":14242,"date":"2015-09-28T11:39:35","date_gmt":"2015-09-28T09:39:35","guid":{"rendered":"https:\/\/abuelailichocolates.com\/producto\/chocolat-au-lait-et-blanc-en-branche\/"},"modified":"2015-09-28T11:39:35","modified_gmt":"2015-09-28T09:39:35","slug":"chocolat-au-lait-et-blanc-en-branche","status":"publish","type":"product","link":"https:\/\/abuelailichocolates.com\/fr\/producto\/chocolat-au-lait-et-blanc-en-branche\/","title":{"rendered":"Chocolat au lait et blanc en branche"},"content":{"rendered":"<h2>Chocolat en branche mixte artisanal<\/h2>\n<p>Le <strong>chocolat en branche mixte<\/strong> d&rsquo;abuela ili combine deux saveurs qui se marient \u00e0 merveille :<br \/>\nla douceur du chocolat au lait et la l\u00e9g\u00e8re douceur du chocolat blanc.<br \/>\nNous le fabriquons \u00e0 la main \u00e0 Pampaneira, en moulant le chocolat en <strong>fines feuilles croustillantes<\/strong><br \/>\n qui se cassent au toucher et fondent peu \u00e0 peu dans la bouche.<\/p>\n<h3>Qu&rsquo;est-ce qui le rend si sp\u00e9cial&nbsp;?<\/h3>\n<ul>\n<li>&#x2714; Fabrication 100 % artisanale dans l&rsquo;Alpujarra de Grenade.<\/li>\n<li>&#x2714; M\u00e9lange \u00e9quilibr\u00e9 de chocolat blanc et au lait.<\/li>\n<li>&#x2714; Texture fine, l\u00e9g\u00e8re et croustillante dans chaque feuille.<\/li>\n<li>&#x2714; Id\u00e9al pour ceux qui appr\u00e9cient les saveurs douces et sucr\u00e9es.<\/li>\n<li>&#x2714; Pr\u00e9sentation parfaite pour un cadeau ou une attention gourmande.<\/li>\n<\/ul>\n<h3>Comment en profiter au mieux \u00e0 la maison<\/h3>\n<p>Le chocolat mixte est parfait pour accompagner les caf\u00e9s, les chocolats chauds, les infusions<br \/>\n ou comme touche sp\u00e9ciale dans les desserts et les go\u00fbters.<br \/>\nC&rsquo;est une bouch\u00e9e douce, sucr\u00e9e et tr\u00e8s facile \u00e0 partager.<\/p>\n<h3>Une attention artisanale avec du charme<\/h3>\n<p>Le m\u00e9lange de tons et de saveurs fait de ce chocolat en branche l&rsquo;un des favoris en boutique.<br \/>\nIl est attrayant, d\u00e9licieux et fabriqu\u00e9 avec tout l&rsquo;amour de notre atelier \u00e0 Pampaneira.<\/p>\n<h3>Ingr\u00e9dients<\/h3>\n<p><strong>Chocolat blanc (50 %)<\/strong> : sucre, beurre de cacao, <strong>lait<\/strong> \u00e9cr\u00e9m\u00e9 en poudre,<br \/>\n mati\u00e8re grasse <strong>laiti\u00e8re<\/strong>, \u00e9mulsifiant : l\u00e9cithines (<strong>soja<\/strong>), ar\u00f4me naturel de vanille, ar\u00f4me.<\/p>\n<p><strong>Chocolat au lait (50 %)<\/strong> : sucre, beurre de cacao, <strong>lait<\/strong> entier en poudre,<br \/>\n p\u00e2te de cacao, \u00e9mulsifiant (l\u00e9cithine de tournesol E-322) et extrait de vanille.<\/p>\n<h3>Approprie-toi-le<\/h3>\n<p>Prends une bo\u00eete de chocolat en branche mixte et profite de l&rsquo;\u00e9quilibre parfait entre chocolat blanc et au lait.<br \/>\nUne gourmandise douce, artisanale et d\u00e9licieuse, id\u00e9ale pour offrir ou partager.<\/p>\n","protected":false},"excerpt":{"rendered":"<p>Chocolat en branche mixte, fabriqu\u00e9 \u00e0 la main en tr\u00e8s fines feuilles de chocolat blanc et au lait. Doux, sucr\u00e9 et parfait pour offrir. 60 grs.  <\/p>\n","protected":false},"featured_media":12395,"comment_status":"closed","ping_status":"closed","template":"","meta":[],"product_brand":[194],"product_cat":[267,268],"product_tag":[553,560,576,559,577],"class_list":{"0":"post-14242","1":"product","2":"type-product","3":"status-publish","4":"has-post-thumbnail","6":"product_brand-abuela-ili-chocolate","7":"product_cat-selection","8":"product_cat-tous-les-produits","9":"product_tag-cadeau-de-noel","10":"product_tag-cadeau-gourmand","11":"product_tag-chocolat-artisanal","12":"product_tag-chocolat-en-branche","13":"product_tag-chocolat-mixte","14":"pa_alergenos-peut-contenir-du-gluten","15":"pa_alergenos-produits-laitiers","16":"pa_alergenos-soja","17":"pa_alergenos-traces-de-fruits-a-coque","19":"first","20":"outofstock","21":"taxable","22":"shipping-taxable","23":"purchasable","24":"product-type-simple"},"_links":{"self":[{"href":"https:\/\/abuelailichocolates.com\/fr\/wp-json\/wp\/v2\/product\/14242","targetHints":{"allow":["GET"]}}],"collection":[{"href":"https:\/\/abuelailichocolates.com\/fr\/wp-json\/wp\/v2\/product"}],"about":[{"href":"https:\/\/abuelailichocolates.com\/fr\/wp-json\/wp\/v2\/types\/product"}],"replies":[{"embeddable":true,"href":"https:\/\/abuelailichocolates.com\/fr\/wp-json\/wp\/v2\/comments?post=14242"}],"wp:featuredmedia":[{"embeddable":true,"href":"https:\/\/abuelailichocolates.com\/fr\/wp-json\/wp\/v2\/media\/12395"}],"wp:attachment":[{"href":"https:\/\/abuelailichocolates.com\/fr\/wp-json\/wp\/v2\/media?parent=14242"}],"wp:term":[{"taxonomy":"product_brand","embeddable":true,"href":"https:\/\/abuelailichocolates.com\/fr\/wp-json\/wp\/v2\/product_brand?post=14242"},{"taxonomy":"product_cat","embeddable":true,"href":"https:\/\/abuelailichocolates.com\/fr\/wp-json\/wp\/v2\/product_cat?post=14242"},{"taxonomy":"product_tag","embeddable":true,"href":"https:\/\/abuelailichocolates.com\/fr\/wp-json\/wp\/v2\/product_tag?post=14242"}],"curies":[{"name":"wp","href":"https:\/\/api.w.org\/{rel}","templated":true}]}}