{"id":14382,"date":"2017-09-22T17:41:11","date_gmt":"2017-09-22T15:41:11","guid":{"rendered":"https:\/\/abuelailichocolates.com\/producto\/assortiment-de-3-chocolats-noirs-80-90-et-100\/"},"modified":"2025-12-14T15:08:25","modified_gmt":"2025-12-14T14:08:25","slug":"assortiment-de-3-chocolats-noirs-80-90-et-100","status":"publish","type":"product","link":"https:\/\/abuelailichocolates.com\/fr\/producto\/assortiment-de-3-chocolats-noirs-80-90-et-100\/","title":{"rendered":"Assortiment de 3 Chocolats Noirs (80 %, 90 % et 100 %)"},"content":{"rendered":"<p><strong>Ingr\u00e9dients <a href=\"https:\/\/abuelailichocolates.com\/fr\/producto\/chocolat-noir-80\/\">tablette de chocolat noir 80<\/a>&nbsp;%:<\/strong><\/p>\n<p><strong> *P\u00e2te de cacao pure (60 %).<\/strong><\/p>\n<p><strong>*Couverture de chocolat noir (40 %) :<\/strong> sucre, p\u00e2te de cacao, beurre de cacao ; \u00e9mulsifiant : l\u00e9cithines (<strong>soja<\/strong>) ; ar\u00f4me naturel de vanille.<\/p>\n<hr>\n<p><strong>Ingr\u00e9dients <a href=\"https:\/\/abuelailichocolates.com\/fr\/producto\/chocolat-noir-90\/\">tablette de chocolat noir 90&nbsp;%<\/a>&nbsp;:<\/strong><\/p>\n<p><strong>*P\u00e2te de cacao pure (90&nbsp;%).<\/strong><\/p>\n<p><strong>*Couverture de chocolat noir (20 %) :<\/strong> sucre, p\u00e2te de cacao, beurre de cacao ; \u00e9mulsifiant : l\u00e9cithines (<strong>soja<\/strong>) ; ar\u00f4me naturel de vanille.<\/p>\n<hr>\n<p><span style=\"font-weight: bold;\">Ingr\u00e9dients t<\/span><strong>ablette de p\u00e2te de cacao 100 % :<\/strong><\/p>\n<p><strong>*<a href=\"https:\/\/abuelailichocolates.com\/fr\/producto\/tablette-noir-100-cacao\/\">Tablette de chocolat<\/a> P\u00e2te de cacao pure (100&nbsp;%).<\/strong><\/p>\n","protected":false},"excerpt":{"rendered":"<p>Excellent assortiment de 3 chocolats noirs de diff\u00e9rentes puret\u00e9s de cacao.<\/p>\n<p>3 TABLETTES (150 grs.)<\/p>\n","protected":false},"featured_media":14384,"comment_status":"closed","ping_status":"closed","template":"","meta":[],"product_brand":[194],"product_cat":[277,266,268],"product_tag":[269],"class_list":{"0":"post-14382","1":"product","2":"type-product","3":"status-publish","4":"has-post-thumbnail","6":"product_brand-abuela-ili-chocolate","7":"product_cat-assortiments-de-chocolats","8":"product_cat-chocolat-noir","9":"product_cat-tous-les-produits","10":"product_tag-assortiments","12":"first","13":"outofstock","14":"taxable","15":"shipping-taxable","16":"purchasable","17":"product-type-simple"},"_links":{"self":[{"href":"https:\/\/abuelailichocolates.com\/fr\/wp-json\/wp\/v2\/product\/14382","targetHints":{"allow":["GET"]}}],"collection":[{"href":"https:\/\/abuelailichocolates.com\/fr\/wp-json\/wp\/v2\/product"}],"about":[{"href":"https:\/\/abuelailichocolates.com\/fr\/wp-json\/wp\/v2\/types\/product"}],"replies":[{"embeddable":true,"href":"https:\/\/abuelailichocolates.com\/fr\/wp-json\/wp\/v2\/comments?post=14382"}],"wp:featuredmedia":[{"embeddable":true,"href":"https:\/\/abuelailichocolates.com\/fr\/wp-json\/wp\/v2\/media\/14384"}],"wp:attachment":[{"href":"https:\/\/abuelailichocolates.com\/fr\/wp-json\/wp\/v2\/media?parent=14382"}],"wp:term":[{"taxonomy":"product_brand","embeddable":true,"href":"https:\/\/abuelailichocolates.com\/fr\/wp-json\/wp\/v2\/product_brand?post=14382"},{"taxonomy":"product_cat","embeddable":true,"href":"https:\/\/abuelailichocolates.com\/fr\/wp-json\/wp\/v2\/product_cat?post=14382"},{"taxonomy":"product_tag","embeddable":true,"href":"https:\/\/abuelailichocolates.com\/fr\/wp-json\/wp\/v2\/product_tag?post=14382"}],"curies":[{"name":"wp","href":"https:\/\/api.w.org\/{rel}","templated":true}]}}