{"id":14425,"date":"2020-11-10T11:46:24","date_gmt":"2020-11-10T10:46:24","guid":{"rendered":"https:\/\/abuelailichocolates.com\/producto\/cremes-a-tartiner\/"},"modified":"2020-11-10T11:46:24","modified_gmt":"2020-11-10T10:46:24","slug":"cremes-a-tartiner","status":"publish","type":"product","link":"https:\/\/abuelailichocolates.com\/fr\/producto\/cremes-a-tartiner\/","title":{"rendered":"Cr\u00e8mes \u00e0 tartiner"},"content":{"rendered":"<p><strong>Ingr\u00e9dients :<\/strong><\/p>\n<ul>\n<li><strong>Cr\u00e8me de noisettes (100 %) :<\/strong> sucre, huiles v\u00e9g\u00e9tales (colza, tournesol), p\u00e2te de <strong>noisettes<\/strong> (13,4 %), poudre de cacao d\u00e9graiss\u00e9e (7,3 %), <strong>lait<\/strong> \u00e9cr\u00e9m\u00e9 en poudre, graisse v\u00e9g\u00e9tale (cacao), \u00e9mulsifiant (l\u00e9cithine de tournesol) et ar\u00f4me naturel (vanille).<\/li>\n<li><strong>Cr\u00e8me blanche (100 %) :<\/strong> sucre, graisses v\u00e9g\u00e9tales (palme de tournesol, palmiste), <strong>lait<\/strong> \u00e9cr\u00e9m\u00e9 en poudre, mati\u00e8re grasse <strong>laiti\u00e8re<\/strong>, lactos\u00e9rum en poudre (lait), \u00e9mulsifiant : l\u00e9cithine de <strong>soja<\/strong>, ar\u00f4me naturel (vanille).<\/li>\n<li><strong>Cr\u00e8me de cacao (100 %) :<\/strong> sucre, graisses v\u00e9g\u00e9tales (karit\u00e9, tournesol), cacao d\u00e9graiss\u00e9 en poudre (25 %), p\u00e2te de <strong>noisettes<\/strong>, \u00e9mulsifiant : l\u00e9cithine de <strong>soja<\/strong>, extrait naturel de vanille.<\/li>\n<\/ul>\n<p>&nbsp;<\/p>\n<p style=\"text-align: center;\"><strong style=\"text-align: center;\">SANS GLUTEN<\/strong><\/p>\n","protected":false},"excerpt":{"rendered":"<p>De d\u00e9licieuses cr\u00e8mes \u00e0 tartiner ou \u00e0 garnir pour donner une touche unique \u00e0 tes desserts&#8230;<\/p>\n<p>200grs.<\/p>\n","protected":false},"featured_media":10011,"comment_status":"open","ping_status":"closed","template":"","meta":[],"product_brand":[194],"product_cat":[533,268],"product_tag":[269],"class_list":{"0":"post-14425","1":"product","2":"type-product","3":"status-publish","4":"has-post-thumbnail","6":"product_brand-abuela-ili-chocolate","7":"product_cat-cremas-de-untar","8":"product_cat-tous-les-produits","9":"product_tag-assortiments","10":"pa_alergenos-fruits-secs","11":"pa_alergenos-produits-laitiers","12":"pa_alergenos-soja","14":"first","15":"outofstock","16":"taxable","17":"shipping-taxable","18":"product-type-variable"},"_links":{"self":[{"href":"https:\/\/abuelailichocolates.com\/fr\/wp-json\/wp\/v2\/product\/14425","targetHints":{"allow":["GET"]}}],"collection":[{"href":"https:\/\/abuelailichocolates.com\/fr\/wp-json\/wp\/v2\/product"}],"about":[{"href":"https:\/\/abuelailichocolates.com\/fr\/wp-json\/wp\/v2\/types\/product"}],"replies":[{"embeddable":true,"href":"https:\/\/abuelailichocolates.com\/fr\/wp-json\/wp\/v2\/comments?post=14425"}],"wp:featuredmedia":[{"embeddable":true,"href":"https:\/\/abuelailichocolates.com\/fr\/wp-json\/wp\/v2\/media\/10011"}],"wp:attachment":[{"href":"https:\/\/abuelailichocolates.com\/fr\/wp-json\/wp\/v2\/media?parent=14425"}],"wp:term":[{"taxonomy":"product_brand","embeddable":true,"href":"https:\/\/abuelailichocolates.com\/fr\/wp-json\/wp\/v2\/product_brand?post=14425"},{"taxonomy":"product_cat","embeddable":true,"href":"https:\/\/abuelailichocolates.com\/fr\/wp-json\/wp\/v2\/product_cat?post=14425"},{"taxonomy":"product_tag","embeddable":true,"href":"https:\/\/abuelailichocolates.com\/fr\/wp-json\/wp\/v2\/product_tag?post=14425"}],"curies":[{"name":"wp","href":"https:\/\/api.w.org\/{rel}","templated":true}]}}