{"id":14437,"date":"2022-12-06T13:21:27","date_gmt":"2022-12-06T12:21:27","guid":{"rendered":"https:\/\/abuelailichocolates.com\/producto\/panier-assorti-de-noel-petit\/"},"modified":"2026-01-26T08:44:45","modified_gmt":"2026-01-26T07:44:45","slug":"panier-assorti-de-noel-petit","status":"publish","type":"product","link":"https:\/\/abuelailichocolates.com\/fr\/producto\/panier-assorti-de-noel-petit\/","title":{"rendered":"Bo\u00eete d&rsquo;assortiment sp\u00e9ciale"},"content":{"rendered":"<h3>Bo\u00eete assortie de chocolat artisanal<\/h3>\n<p>Notre <strong>bo\u00eete assortie de chocolat artisanal<\/strong> est l&rsquo;une des options les plus appr\u00e9ci\u00e9es par ceux qui visitent Abuela Ili et par les clients qui ach\u00e8tent en ligne. Elle r\u00e9unit une s\u00e9lection vari\u00e9e de chocolats fabriqu\u00e9s \u00e0 la main dans notre usine de Pampaneira, en pleine Alpujarra, pour que tu puisses profiter de diff\u00e9rents go\u00fbts sans avoir \u00e0 n&rsquo;en choisir qu&rsquo;un. <\/p>\n<h3>De la vari\u00e9t\u00e9 pour tous les go\u00fbts<\/h3>\n<p>Chaque bo\u00eete comprend une combinaison \u00e9quilibr\u00e9e de <strong>mini-tablettes<\/strong> de chocolat noir, au lait et blanc, ainsi que des saveurs sp\u00e9ciales qui changent selon la saison et la disponibilit\u00e9.<\/p>\n<h3>Un cadeau qui fait toujours plaisir<\/h3>\n<p>La bo\u00eete assortie est l&rsquo;un des cadeaux pr\u00e9f\u00e9r\u00e9s pour les anniversaires, les remerciements, les \u00e9v\u00e9nements et les c\u00e9l\u00e9brations. Sa pr\u00e9sentation soign\u00e9e et sa vari\u00e9t\u00e9 en font un succ\u00e8s garanti lorsque tu veux surprendre quelqu&rsquo;un avec quelque chose de doux, d&rsquo;authentique et de fait \u00e0 la main. <\/p>\n<h3>Fabrication artisanale, saveur unique<\/h3>\n<p>Tous les chocolats inclus dans cette bo\u00eete sont fabriqu\u00e9s selon des proc\u00e9d\u00e9s artisanaux : <strong>temp\u00e9rage, coupe, enrobage, d\u00e9coration et emballage<\/strong>. Pas de lignes industrielles ni de productions massives. Cela se ressent dans le go\u00fbt profond du chocolat, dans la texture et dans les petits d\u00e9tails que nos clients appr\u00e9cient tant.  <\/p>\n<h3>Parfaite pour partager\u2026 ou pour te faire plaisir<\/h3>\n<p>Id\u00e9ale pour d\u00e9couvrir de nouvelles saveurs, pour profiter en famille ou pour avoir toujours un assortiment vari\u00e9 \u00e0 la maison. De nombreux clients la choisissent comme \u00ab premier achat \u00bb pour conna\u00eetre la marque et ensuite ils reviennent en choisissant leurs chocolats pr\u00e9f\u00e9r\u00e9s. <\/p>\n<h3>Pr\u00eat \u00e0 \u00eatre envoy\u00e9 en Espagne et en Europe<\/h3>\n<p>Ta bo\u00eete assortie est pr\u00e9par\u00e9e dans l&rsquo;usine d&rsquo;Abuela Ili et est envoy\u00e9e avec toutes les garanties pour qu&rsquo;elle arrive parfaite.<\/p>\n","protected":false},"excerpt":{"rendered":"<p>Petite bo\u00eete assortie de No\u00ebl avec diff\u00e9rents chocolats artisanaux Abuela Ili. Un cadeau parfait pour profiter en famille, apporter en cadeau ou adoucir n&rsquo;importe quel apr\u00e8s-repas de No\u00ebl. <\/p>\n","protected":false},"featured_media":14438,"comment_status":"closed","ping_status":"closed","template":"","meta":[],"product_brand":[194],"product_cat":[277,550,268],"product_tag":[603,562,560],"class_list":{"0":"post-14437","1":"product","2":"type-product","3":"status-publish","4":"has-post-thumbnail","6":"product_brand-abuela-ili-chocolate","7":"product_cat-assortiments-de-chocolats","8":"product_cat-paniers-et-lots","9":"product_cat-tous-les-produits","10":"product_tag-boite-assortie-a-offrir","11":"product_tag-cadeau-chocolat","12":"product_tag-cadeau-gourmand","13":"pa_alergenos-fruits-secs","14":"pa_alergenos-gluten","15":"pa_alergenos-produits-laitiers","16":"pa_alergenos-soja","18":"first","19":"outofstock","20":"taxable","21":"shipping-taxable","22":"purchasable","23":"product-type-simple"},"_links":{"self":[{"href":"https:\/\/abuelailichocolates.com\/fr\/wp-json\/wp\/v2\/product\/14437","targetHints":{"allow":["GET"]}}],"collection":[{"href":"https:\/\/abuelailichocolates.com\/fr\/wp-json\/wp\/v2\/product"}],"about":[{"href":"https:\/\/abuelailichocolates.com\/fr\/wp-json\/wp\/v2\/types\/product"}],"replies":[{"embeddable":true,"href":"https:\/\/abuelailichocolates.com\/fr\/wp-json\/wp\/v2\/comments?post=14437"}],"wp:featuredmedia":[{"embeddable":true,"href":"https:\/\/abuelailichocolates.com\/fr\/wp-json\/wp\/v2\/media\/14438"}],"wp:attachment":[{"href":"https:\/\/abuelailichocolates.com\/fr\/wp-json\/wp\/v2\/media?parent=14437"}],"wp:term":[{"taxonomy":"product_brand","embeddable":true,"href":"https:\/\/abuelailichocolates.com\/fr\/wp-json\/wp\/v2\/product_brand?post=14437"},{"taxonomy":"product_cat","embeddable":true,"href":"https:\/\/abuelailichocolates.com\/fr\/wp-json\/wp\/v2\/product_cat?post=14437"},{"taxonomy":"product_tag","embeddable":true,"href":"https:\/\/abuelailichocolates.com\/fr\/wp-json\/wp\/v2\/product_tag?post=14437"}],"curies":[{"name":"wp","href":"https:\/\/api.w.org\/{rel}","templated":true}]}}