{"id":14731,"date":"2017-01-02T13:26:43","date_gmt":"2017-01-02T12:26:43","guid":{"rendered":"https:\/\/abuelailichocolates.com\/producto\/assortiment-de-3-saveurs-aux-epices\/"},"modified":"2025-12-22T13:18:25","modified_gmt":"2025-12-22T12:18:25","slug":"assortiment-de-3-saveurs-aux-epices","status":"publish","type":"product","link":"https:\/\/abuelailichocolates.com\/fr\/producto\/assortiment-de-3-saveurs-aux-epices\/","title":{"rendered":"Assortiment de 3 saveurs aux \u00e9pices"},"content":{"rendered":"<p>Les produits qui composent cet assortiment sont :<\/p>\n<ul>\n<li>Noir au piment<\/li>\n<li>Noir au poivre<\/li>\n<li>Noir au gingembre<\/li>\n<li>Noir \u00e0 la moutarde<\/li>\n<\/ul>\n<p><strong>INGR\u00c9DIENTS :<\/strong><\/p>\n<p style=\"text-align: center;\"><strong>CHOCOLAT NOIR AU PIMENT<\/strong><\/p>\n<p><strong>*ENROBAGE DE CHOCOLAT NOIR (99 %) :<\/strong> P\u00c2TE DE CACAO, SUCRE, BEURRE DE CACAO, \u00c9MULSIFIANT : L\u00c9CITHINES (<strong>SOJA<\/strong>), AR\u00d4ME NATUREL DE VANILLE.<br \/>\n<strong>*PIMENT (1 %) :<\/strong> PIMENT.<\/p>\n<hr>\n<p style=\"text-align: center;\"><strong>CHOCOLAT NOIR AU POIVRE<\/strong><\/p>\n<p><strong>*CHOCOLAT NOIR (96 %) :<\/strong> SUCRE, P\u00c2TE DE CACAO, BEURRE DE CACAO, CACAO D\u00c9GRAISS\u00c9 EN POUDRE, \u00c9MULSIFIANT : L\u00c9CITHINE DE <strong>SOJA<\/strong> (E-322) ET AR\u00d4ME.<br \/>\n<strong>*POIVRE EN POUDRE (3 %) ET EN GRAINS (1 %).<\/strong><\/p>\n<hr>\n<p style=\"text-align: center;\"><strong>CHOCOLAT NOIR AU GINGEMBRE<\/strong><\/p>\n<p><strong>*ENROBAGE DE CHOCOLAT NOIR (96 %) :<\/strong> P\u00c2TE DE CACAO, SUCRE, BEURRE DE CACAO, \u00c9MULSIFIANT : L\u00c9CITHINES (<strong>SOJA<\/strong>), AR\u00d4ME NATUREL DE VANILLE.<br \/>\n<strong>*GINGEMBRE MOULU (4 %).<\/strong><\/p>\n<hr>\n<p style=\"text-align: center;\"><strong>CHOCOLAT NOIR \u00c0 LA MOUTARDE<\/strong><\/p>\n<p><strong>*CHOCOLAT NOIR (96 %) :<\/strong> SUCRE, P\u00c2TE DE CACAO, BEURRE DE CACAO, CACAO D\u00c9GRAISS\u00c9 EN POUDRE, \u00c9MULSIFIANT : L\u00c9CITHINE DE <strong>SOJA<\/strong> (E-322) ET AR\u00d4ME.<br \/>\n<strong>*MOUTARDE EN POUDRE (3 %) ET EN GRAINS (1 %).<\/strong><\/p>\n<p>&nbsp;<\/p>\n","protected":false},"excerpt":{"rendered":"<p>Excellent assortiment de 3 saveurs d&rsquo;\u00e9pices diff\u00e9rentes.<\/p>\n<p>3 TABLETTES (150 g)<\/p>\n","protected":false},"featured_media":14732,"comment_status":"closed","ping_status":"closed","template":"","meta":[],"product_brand":[],"product_cat":[277,266,268],"product_tag":[269],"class_list":{"0":"post-14731","1":"product","2":"type-product","3":"status-publish","4":"has-post-thumbnail","6":"product_cat-assortiments-de-chocolats","7":"product_cat-chocolat-noir","8":"product_cat-tous-les-produits","9":"product_tag-assortiments","10":"pa_alergenos-moutarde","11":"pa_alergenos-peut-contenir-du-gluten","12":"pa_alergenos-soja","13":"pa_alergenos-traces-de-fruits-a-coque","14":"pa_alergenos-traces-de-lait","16":"first","17":"instock","18":"taxable","19":"shipping-taxable","20":"purchasable","21":"product-type-simple"},"_links":{"self":[{"href":"https:\/\/abuelailichocolates.com\/fr\/wp-json\/wp\/v2\/product\/14731","targetHints":{"allow":["GET"]}}],"collection":[{"href":"https:\/\/abuelailichocolates.com\/fr\/wp-json\/wp\/v2\/product"}],"about":[{"href":"https:\/\/abuelailichocolates.com\/fr\/wp-json\/wp\/v2\/types\/product"}],"replies":[{"embeddable":true,"href":"https:\/\/abuelailichocolates.com\/fr\/wp-json\/wp\/v2\/comments?post=14731"}],"wp:featuredmedia":[{"embeddable":true,"href":"https:\/\/abuelailichocolates.com\/fr\/wp-json\/wp\/v2\/media\/14732"}],"wp:attachment":[{"href":"https:\/\/abuelailichocolates.com\/fr\/wp-json\/wp\/v2\/media?parent=14731"}],"wp:term":[{"taxonomy":"product_brand","embeddable":true,"href":"https:\/\/abuelailichocolates.com\/fr\/wp-json\/wp\/v2\/product_brand?post=14731"},{"taxonomy":"product_cat","embeddable":true,"href":"https:\/\/abuelailichocolates.com\/fr\/wp-json\/wp\/v2\/product_cat?post=14731"},{"taxonomy":"product_tag","embeddable":true,"href":"https:\/\/abuelailichocolates.com\/fr\/wp-json\/wp\/v2\/product_tag?post=14731"}],"curies":[{"name":"wp","href":"https:\/\/api.w.org\/{rel}","templated":true}]}}