{"id":14735,"date":"2020-10-29T13:46:32","date_gmt":"2020-10-29T12:46:32","guid":{"rendered":"https:\/\/abuelailichocolates.com\/producto\/boite-de-rochers-au-chocolat-blanc-au-lait-et-noir\/"},"modified":"2020-10-29T13:46:32","modified_gmt":"2020-10-29T12:46:32","slug":"boite-de-rochers-au-chocolat-blanc-au-lait-et-noir","status":"publish","type":"product","link":"https:\/\/abuelailichocolates.com\/fr\/producto\/boite-de-rochers-au-chocolat-blanc-au-lait-et-noir\/","title":{"rendered":"Bo\u00eete de rochers au chocolat blanc, au lait et noir"},"content":{"rendered":"<p><strong>*Chocolat blanc (60&nbsp;%)&nbsp;:<\/strong> sucre, beurre de cacao, <strong>lait<\/strong> \u00e9cr\u00e9m\u00e9 en poudre, mati\u00e8re grasse <strong>laiti\u00e8re<\/strong>, \u00e9mulsifiant&nbsp;: l\u00e9cithines (<strong>soja<\/strong>), ar\u00f4me naturel de vanille, ar\u00f4me.<\/p>\n<p><strong>*Enrobage de chocolat au lait (60&nbsp;%)&nbsp;:<\/strong> sucre, beurre de cacao, <strong>lait<\/strong> \u00e9cr\u00e9m\u00e9 en poudre, p\u00e2te de cacao, <strong>lactos\u00e9rum<\/strong> en poudre (<strong>lait<\/strong>), mati\u00e8re grasse <strong>laiti\u00e8re<\/strong>, <strong>lait<\/strong> entier en poudre, \u00e9mulsifiant&nbsp;: l\u00e9cithines (<strong>soja<\/strong>), ar\u00f4me naturel de vanille, ar\u00f4me.<\/p>\n<p><strong>*Enrobage de chocolat noir (60&nbsp;%)&nbsp;:<\/strong> p\u00e2te de cacao, sucre, beurre de cacao, \u00e9mulsifiant&nbsp;: l\u00e9cithines (<strong>soja<\/strong>), ar\u00f4me naturel de vanille.<\/p>\n<p><strong>*Riz souffl\u00e9 (25&nbsp;%)&nbsp;:<\/strong> Farine de riz (64&nbsp;%), sucre, cacao en poudre (11&nbsp;%), sirop de glucose, sel.<\/p>\n<p><strong>*Corn flakes (15&nbsp;%)&nbsp;:<\/strong> Ma\u00efs (98&nbsp;%), sel, antioxydant (extrait riche en tocoph\u00e9rols).<\/p>\n","protected":false},"excerpt":{"rendered":"<p>Exquise bo\u00eete de rochers de c\u00e9r\u00e9ales et de riz enrob\u00e9s de chocolat blanc et au lait.<\/p>\n<p>2&nbsp;Rochers par bo\u00eete \u2013 75&nbsp;g environ.<\/p>\n","protected":false},"featured_media":6932,"comment_status":"closed","ping_status":"closed","template":"","meta":[],"product_brand":[194],"product_cat":[277,550,268],"product_tag":[269],"class_list":{"0":"post-14735","1":"product","2":"type-product","3":"status-publish","4":"has-post-thumbnail","6":"product_brand-abuela-ili-chocolate","7":"product_cat-assortiments-de-chocolats","8":"product_cat-paniers-et-lots","9":"product_cat-tous-les-produits","10":"product_tag-assortiments","11":"pa_alergenos-peut-contenir-du-gluten","12":"pa_alergenos-produits-laitiers","13":"pa_alergenos-soja","14":"pa_alergenos-traces-de-fruits-a-coque","16":"first","17":"instock","18":"taxable","19":"shipping-taxable","20":"purchasable","21":"product-type-variable"},"_links":{"self":[{"href":"https:\/\/abuelailichocolates.com\/fr\/wp-json\/wp\/v2\/product\/14735","targetHints":{"allow":["GET"]}}],"collection":[{"href":"https:\/\/abuelailichocolates.com\/fr\/wp-json\/wp\/v2\/product"}],"about":[{"href":"https:\/\/abuelailichocolates.com\/fr\/wp-json\/wp\/v2\/types\/product"}],"replies":[{"embeddable":true,"href":"https:\/\/abuelailichocolates.com\/fr\/wp-json\/wp\/v2\/comments?post=14735"}],"wp:featuredmedia":[{"embeddable":true,"href":"https:\/\/abuelailichocolates.com\/fr\/wp-json\/wp\/v2\/media\/6932"}],"wp:attachment":[{"href":"https:\/\/abuelailichocolates.com\/fr\/wp-json\/wp\/v2\/media?parent=14735"}],"wp:term":[{"taxonomy":"product_brand","embeddable":true,"href":"https:\/\/abuelailichocolates.com\/fr\/wp-json\/wp\/v2\/product_brand?post=14735"},{"taxonomy":"product_cat","embeddable":true,"href":"https:\/\/abuelailichocolates.com\/fr\/wp-json\/wp\/v2\/product_cat?post=14735"},{"taxonomy":"product_tag","embeddable":true,"href":"https:\/\/abuelailichocolates.com\/fr\/wp-json\/wp\/v2\/product_tag?post=14735"}],"curies":[{"name":"wp","href":"https:\/\/api.w.org\/{rel}","templated":true}]}}