{"id":14794,"date":"2022-01-25T17:37:12","date_gmt":"2022-01-25T16:37:12","guid":{"rendered":"https:\/\/abuelailichocolates.com\/producto\/panier-special-mamie-ili\/"},"modified":"2022-01-25T17:37:12","modified_gmt":"2022-01-25T16:37:12","slug":"panier-special-mamie-ili","status":"publish","type":"product","link":"https:\/\/abuelailichocolates.com\/fr\/producto\/panier-special-mamie-ili\/","title":{"rendered":"Panier Sp\u00e9cial Mamie ili"},"content":{"rendered":"<ol>\n<li>Panier exclusif sp\u00e9cialement compos\u00e9 de :<\/li>\n<\/ol>\n<ul>\n<li>Tablette de chocolat de 60 g. Al\u00e9atoire. <\/li>\n<li>P\u00e2te \u00e0 tartiner. Al\u00e9atoire. <\/li>\n<li><a href=\"https:\/\/abuelailichocolates.com\/tienda\/bombones\/\">Bo\u00eete assortie de chocolats<\/a><\/li>\n<li>Bo\u00eete de branches. Al\u00e9atoire. <\/li>\n<li>Lingot de Pistache au lait.<\/li>\n<\/ul>\n","protected":false},"excerpt":{"rendered":"<p>Panier original avec diff\u00e9rents produits, parfait pour vivre une Saint-Valentin tr\u00e8s douce.<\/p>\n","protected":false},"featured_media":9149,"comment_status":"closed","ping_status":"closed","template":"","meta":[],"product_brand":[194],"product_cat":[267,268],"product_tag":[269],"class_list":{"0":"post-14794","1":"product","2":"type-product","3":"status-publish","4":"has-post-thumbnail","6":"product_brand-abuela-ili-chocolate","7":"product_cat-selection","8":"product_cat-tous-les-produits","9":"product_tag-assortiments","10":"pa_alergenos-gluten","11":"pa_alergenos-produits-laitiers","12":"pa_alergenos-soja","13":"pa_alergenos-traces-de-fruits-a-coque","15":"first","16":"outofstock","17":"taxable","18":"shipping-taxable","19":"purchasable","20":"product-type-simple"},"_links":{"self":[{"href":"https:\/\/abuelailichocolates.com\/fr\/wp-json\/wp\/v2\/product\/14794","targetHints":{"allow":["GET"]}}],"collection":[{"href":"https:\/\/abuelailichocolates.com\/fr\/wp-json\/wp\/v2\/product"}],"about":[{"href":"https:\/\/abuelailichocolates.com\/fr\/wp-json\/wp\/v2\/types\/product"}],"replies":[{"embeddable":true,"href":"https:\/\/abuelailichocolates.com\/fr\/wp-json\/wp\/v2\/comments?post=14794"}],"wp:featuredmedia":[{"embeddable":true,"href":"https:\/\/abuelailichocolates.com\/fr\/wp-json\/wp\/v2\/media\/9149"}],"wp:attachment":[{"href":"https:\/\/abuelailichocolates.com\/fr\/wp-json\/wp\/v2\/media?parent=14794"}],"wp:term":[{"taxonomy":"product_brand","embeddable":true,"href":"https:\/\/abuelailichocolates.com\/fr\/wp-json\/wp\/v2\/product_brand?post=14794"},{"taxonomy":"product_cat","embeddable":true,"href":"https:\/\/abuelailichocolates.com\/fr\/wp-json\/wp\/v2\/product_cat?post=14794"},{"taxonomy":"product_tag","embeddable":true,"href":"https:\/\/abuelailichocolates.com\/fr\/wp-json\/wp\/v2\/product_tag?post=14794"}],"curies":[{"name":"wp","href":"https:\/\/api.w.org\/{rel}","templated":true}]}}