{"id":14806,"date":"2022-12-06T11:32:58","date_gmt":"2022-12-06T10:32:58","guid":{"rendered":"https:\/\/abuelailichocolates.com\/producto\/turron-au-chocolat-noir-et-aux-fruits-rouges\/"},"modified":"2022-12-06T11:32:58","modified_gmt":"2022-12-06T10:32:58","slug":"turron-au-chocolat-noir-et-aux-fruits-rouges","status":"publish","type":"product","link":"https:\/\/abuelailichocolates.com\/fr\/producto\/turron-au-chocolat-noir-et-aux-fruits-rouges\/","title":{"rendered":"Turron au chocolat noir et aux fruits rouges"},"content":{"rendered":"<p>INGR\u00c9DIENTS :<\/p>\n<p>*CHOCOLAT NOIR (72&nbsp;%)&nbsp;: SUCRE, P\u00c2TE DE CACAO, BEURRE DE CACAO, CACAO D\u00c9GRAISS\u00c9 EN POUDRE, \u00c9MULSIFIANT&nbsp;: L\u00c9CITHINE DE SOJA (E-322) ET AR\u00d4ME.<\/p>\n<p>*PRALIN\u00c9 AUX FRUITS ROUGES (28&nbsp;%)&nbsp;: CHOCOLAT BLANC 28&nbsp;% (LAIT ENTIER EN POUDRE, SUCRE, BEURRE DE CACAO, \u00c9MULSIFIANT&nbsp;: L\u00c9CITHINE DE SOJA, AR\u00d4ME NATUREL DE VANILLE), HUILE V\u00c9G\u00c9TALE (PALME, TOURNESOL, PALMISTE, COCO), SUCRE, BISCUIT FINEMENT \u00c9MIETT\u00c9 15&nbsp;% (FARINE DE BL\u00c9, SUCRE, BEURRE CONCENTR\u00c9 15&nbsp;%, LAIT \u00c9CR\u00c9M\u00c9 EN POUDRE, COLORANT&nbsp;: CARAMEL (E150a), SEL, EXTRAIT DE MALT D\u2019ORGE, \u00c9MULSIFIANT&nbsp;: L\u00c9CITHINE DE TOURNESOL (E322)), LACTOS\u00c9RUM EN POUDRE, FRUITS ROUGES D\u00c9SHYDRAT\u00c9S (FRAMBOISE 2,8&nbsp;%, FRAISE 1&nbsp;%), MATI\u00c8RE GRASSE LAITI\u00c8RE ANHYDRE, AMIDON DE MA\u00cfS, SIROP DE GLUCOSE D\u00c9SHYDRAT\u00c9, CORRECTEUR D\u2019ACIDIT\u00c9&nbsp;: ACIDE CITRIQUE, COLORANT&nbsp;: CARMIN, AR\u00d4MES.<\/p>\n","protected":false},"excerpt":{"rendered":"<p>TABLETTE 45 grs.<\/p>\n","protected":false},"featured_media":9569,"comment_status":"closed","ping_status":"closed","template":"","meta":[],"product_brand":[194],"product_cat":[268,266],"product_tag":[479,281,295],"class_list":{"0":"post-14806","1":"product","2":"type-product","3":"status-publish","4":"has-post-thumbnail","6":"product_brand-abuela-ili-chocolate","7":"product_cat-tous-les-produits","8":"product_cat-chocolat-noir","9":"product_tag-45-grammes","10":"product_tag-tablettes","11":"product_tag-tourons","12":"pa_alergenos-gluten","13":"pa_alergenos-soja","14":"pa_alergenos-traces-darachides","15":"pa_alergenos-traces-de-fruits-a-coque","16":"pa_alergenos-traces-doeuf","18":"first","19":"outofstock","20":"taxable","21":"shipping-taxable","22":"purchasable","23":"product-type-simple"},"_links":{"self":[{"href":"https:\/\/abuelailichocolates.com\/fr\/wp-json\/wp\/v2\/product\/14806","targetHints":{"allow":["GET"]}}],"collection":[{"href":"https:\/\/abuelailichocolates.com\/fr\/wp-json\/wp\/v2\/product"}],"about":[{"href":"https:\/\/abuelailichocolates.com\/fr\/wp-json\/wp\/v2\/types\/product"}],"replies":[{"embeddable":true,"href":"https:\/\/abuelailichocolates.com\/fr\/wp-json\/wp\/v2\/comments?post=14806"}],"wp:featuredmedia":[{"embeddable":true,"href":"https:\/\/abuelailichocolates.com\/fr\/wp-json\/wp\/v2\/media\/9569"}],"wp:attachment":[{"href":"https:\/\/abuelailichocolates.com\/fr\/wp-json\/wp\/v2\/media?parent=14806"}],"wp:term":[{"taxonomy":"product_brand","embeddable":true,"href":"https:\/\/abuelailichocolates.com\/fr\/wp-json\/wp\/v2\/product_brand?post=14806"},{"taxonomy":"product_cat","embeddable":true,"href":"https:\/\/abuelailichocolates.com\/fr\/wp-json\/wp\/v2\/product_cat?post=14806"},{"taxonomy":"product_tag","embeddable":true,"href":"https:\/\/abuelailichocolates.com\/fr\/wp-json\/wp\/v2\/product_tag?post=14806"}],"curies":[{"name":"wp","href":"https:\/\/api.w.org\/{rel}","templated":true}]}}