{"id":14810,"date":"2022-12-06T11:08:51","date_gmt":"2022-12-06T10:08:51","guid":{"rendered":"https:\/\/abuelailichocolates.com\/producto\/turron-au-chocolat-au-lait-et-creme-de-riz\/"},"modified":"2022-12-06T11:08:51","modified_gmt":"2022-12-06T10:08:51","slug":"turron-au-chocolat-au-lait-et-creme-de-riz","status":"publish","type":"product","link":"https:\/\/abuelailichocolates.com\/fr\/producto\/turron-au-chocolat-au-lait-et-creme-de-riz\/","title":{"rendered":"Turron au chocolat au lait et cr\u00e8me de riz"},"content":{"rendered":"<p>Ingr\u00e9dients :<\/p>\n<p>*CHOCOLAT AU LAIT (61 %) : SUCRE, BEURRE DE CACAO, LAIT ENTIER EN POUDRE, P\u00c2TE DE CACAO, LACTOS\u00c9RUM EN POUDRE, \u00c9MULSIFIANT (E-322) ET AR\u00d4ME.<\/p>\n<p>*P\u00c2TE CR\u00c8ME DE LAIT ET CACAO (33 %) : HUILE V\u00c9G\u00c9TALE (TOURNESOL, PALME), SUCRE, LAIT \u00c9CR\u00c9M\u00c9 EN POUDRE, LACTOSE, LAIT ENTIER EN POUDRE (7 %), CACAO EN POUDRE \u00c0 TENEUR R\u00c9DUITE EN MATI\u00c8RES GRASSES (4 %), \u00c9MULSIFIANT : L\u00c9CITHINE DE SOJA, AR\u00d4MES, ANTIOXYDANT : EXTRAIT DE ROMARIN.<\/p>\n<p>*RIZ SOUFFL\u00c9 AU CHOCOLAT (6 %) : FARINE DE RIZ (64 %), SUCRE, CACAO EN POUDRE (11 %), SIROP DE GLUCOSE, SEL.<\/p>\n<p>&nbsp;<\/p>\n<p>&nbsp;<\/p>\n","protected":false},"excerpt":{"rendered":"<p>TABLETTE 45 grs.<\/p>\n","protected":false},"featured_media":9567,"comment_status":"closed","ping_status":"closed","template":"","meta":[],"product_brand":[194],"product_cat":[268,285],"product_tag":[479,281,295],"class_list":{"0":"post-14810","1":"product","2":"type-product","3":"status-publish","4":"has-post-thumbnail","6":"product_brand-abuela-ili-chocolate","7":"product_cat-tous-les-produits","8":"product_cat-chocolat-au-lait","9":"product_tag-45-grammes","10":"product_tag-tablettes","11":"product_tag-tourons","12":"pa_alergenos-gluten","13":"pa_alergenos-soja","14":"pa_alergenos-traces-darachides","15":"pa_alergenos-traces-de-fruits-a-coque","16":"pa_alergenos-traces-doeuf","18":"first","19":"outofstock","20":"taxable","21":"shipping-taxable","22":"purchasable","23":"product-type-simple"},"_links":{"self":[{"href":"https:\/\/abuelailichocolates.com\/fr\/wp-json\/wp\/v2\/product\/14810","targetHints":{"allow":["GET"]}}],"collection":[{"href":"https:\/\/abuelailichocolates.com\/fr\/wp-json\/wp\/v2\/product"}],"about":[{"href":"https:\/\/abuelailichocolates.com\/fr\/wp-json\/wp\/v2\/types\/product"}],"replies":[{"embeddable":true,"href":"https:\/\/abuelailichocolates.com\/fr\/wp-json\/wp\/v2\/comments?post=14810"}],"wp:featuredmedia":[{"embeddable":true,"href":"https:\/\/abuelailichocolates.com\/fr\/wp-json\/wp\/v2\/media\/9567"}],"wp:attachment":[{"href":"https:\/\/abuelailichocolates.com\/fr\/wp-json\/wp\/v2\/media?parent=14810"}],"wp:term":[{"taxonomy":"product_brand","embeddable":true,"href":"https:\/\/abuelailichocolates.com\/fr\/wp-json\/wp\/v2\/product_brand?post=14810"},{"taxonomy":"product_cat","embeddable":true,"href":"https:\/\/abuelailichocolates.com\/fr\/wp-json\/wp\/v2\/product_cat?post=14810"},{"taxonomy":"product_tag","embeddable":true,"href":"https:\/\/abuelailichocolates.com\/fr\/wp-json\/wp\/v2\/product_tag?post=14810"}],"curies":[{"name":"wp","href":"https:\/\/api.w.org\/{rel}","templated":true}]}}