{"id":14819,"date":"2022-11-17T07:16:55","date_gmt":"2022-11-17T06:16:55","guid":{"rendered":"https:\/\/abuelailichocolates.com\/producto\/touron-au-chocolat-blanc-et-creme-de-noisettes\/"},"modified":"2022-11-17T07:16:55","modified_gmt":"2022-11-17T06:16:55","slug":"touron-au-chocolat-blanc-et-creme-de-noisettes","status":"publish","type":"product","link":"https:\/\/abuelailichocolates.com\/fr\/producto\/touron-au-chocolat-blanc-et-creme-de-noisettes\/","title":{"rendered":"Touron au chocolat blanc et cr\u00e8me de noisettes"},"content":{"rendered":"<p>Ingr\u00e9dients :<\/p>\n<p>*CHOCOLAT BLANC (72 %) : SUCRE, BEURRE DE CACAO, LAIT EN POUDRE, LACTOS\u00c9RUM EN POUDRE, \u00c9MULSIFIANT : L\u00c9CITHINE DE SOJA. AR\u00d4ME NATUREL (VANILLE). <\/p>\n<p>*P\u00c2TE CR\u00c8ME DE NOISETTES (28 %) : SUCRE, HUILE V\u00c9G\u00c9TALE (TOURNESOL), NOISETTES, LAIT \u00c9CR\u00c9M\u00c9 EN POUDRE, LACTOS\u00c9RUM EN POUDRE, LACTOSE, \u00c9MULSIFIANT : L\u00c9CITHINE DE SOJA, AR\u00d4MES, ANTIOXYDANT : EXTRAIT DE ROMARIN.<\/p>\n","protected":false},"excerpt":{"rendered":"<p>TABLETTE 45 grs.<\/p>\n","protected":false},"featured_media":9483,"comment_status":"closed","ping_status":"closed","template":"","meta":[],"product_brand":[194],"product_cat":[268,284],"product_tag":[479,281,295],"class_list":{"0":"post-14819","1":"product","2":"type-product","3":"status-publish","4":"has-post-thumbnail","6":"product_brand-abuela-ili-chocolate","7":"product_cat-tous-les-produits","8":"product_cat-chocolat-blanc","9":"product_tag-45-grammes","10":"product_tag-tablettes","11":"product_tag-tourons","12":"pa_alergenos-fruits-secs","13":"pa_alergenos-peut-contenir-du-gluten","14":"pa_alergenos-produits-laitiers","15":"pa_alergenos-soja","17":"first","18":"outofstock","19":"taxable","20":"shipping-taxable","21":"purchasable","22":"product-type-simple"},"_links":{"self":[{"href":"https:\/\/abuelailichocolates.com\/fr\/wp-json\/wp\/v2\/product\/14819","targetHints":{"allow":["GET"]}}],"collection":[{"href":"https:\/\/abuelailichocolates.com\/fr\/wp-json\/wp\/v2\/product"}],"about":[{"href":"https:\/\/abuelailichocolates.com\/fr\/wp-json\/wp\/v2\/types\/product"}],"replies":[{"embeddable":true,"href":"https:\/\/abuelailichocolates.com\/fr\/wp-json\/wp\/v2\/comments?post=14819"}],"wp:featuredmedia":[{"embeddable":true,"href":"https:\/\/abuelailichocolates.com\/fr\/wp-json\/wp\/v2\/media\/9483"}],"wp:attachment":[{"href":"https:\/\/abuelailichocolates.com\/fr\/wp-json\/wp\/v2\/media?parent=14819"}],"wp:term":[{"taxonomy":"product_brand","embeddable":true,"href":"https:\/\/abuelailichocolates.com\/fr\/wp-json\/wp\/v2\/product_brand?post=14819"},{"taxonomy":"product_cat","embeddable":true,"href":"https:\/\/abuelailichocolates.com\/fr\/wp-json\/wp\/v2\/product_cat?post=14819"},{"taxonomy":"product_tag","embeddable":true,"href":"https:\/\/abuelailichocolates.com\/fr\/wp-json\/wp\/v2\/product_tag?post=14819"}],"curies":[{"name":"wp","href":"https:\/\/api.w.org\/{rel}","templated":true}]}}