{"id":14821,"date":"2022-11-17T07:52:52","date_gmt":"2022-11-17T06:52:52","guid":{"rendered":"https:\/\/abuelailichocolates.com\/producto\/turron-au-chocolat-blanc-et-creme-de-coco\/"},"modified":"2022-11-17T07:52:52","modified_gmt":"2022-11-17T06:52:52","slug":"turron-au-chocolat-blanc-et-creme-de-coco","status":"publish","type":"product","link":"https:\/\/abuelailichocolates.com\/fr\/producto\/turron-au-chocolat-blanc-et-creme-de-coco\/","title":{"rendered":"Turron au chocolat blanc et cr\u00e8me de coco"},"content":{"rendered":"<p>Ingr\u00e9dients :<\/p>\n<p><strong>*Chocolat blanc (72 %) :<\/strong> sucre, beurre de cacao, <strong>lait<\/strong> en poudre, lactos\u00e9rum en poudre, \u00e9mulsifiant : l\u00e9cithine de <strong>soja<\/strong>, ar\u00f4me naturel (vanille). <\/p>\n<p><strong>*P\u00e2te de cr\u00e8me de coco (28 %) :<\/strong> sucre, huile v\u00e9g\u00e9tale (tournesol), <strong>lait<\/strong> \u00e9cr\u00e9m\u00e9 en poudre, lactos\u00e9rum en poudre, noix de coco r\u00e2p\u00e9e, gaufrettes (farine de <strong>bl\u00e9<\/strong>, huile v\u00e9g\u00e9tale (palme), sel, extrait de malt d&rsquo;<strong>orge<\/strong>, agent levant : bicarbonate de sodium), \u00e9mulsifiant : l\u00e9cithine de <strong>soja<\/strong>, ar\u00f4mes, antioxydant : extrait de romarin.<\/p>\n","protected":false},"excerpt":{"rendered":"<p>TABLETTE 45 grs.<\/p>\n","protected":false},"featured_media":9487,"comment_status":"closed","ping_status":"closed","template":"","meta":[],"product_brand":[194],"product_cat":[268,284],"product_tag":[479,281,295],"class_list":{"0":"post-14821","1":"product","2":"type-product","3":"status-publish","4":"has-post-thumbnail","6":"product_brand-abuela-ili-chocolate","7":"product_cat-tous-les-produits","8":"product_cat-chocolat-blanc","9":"product_tag-45-grammes","10":"product_tag-tablettes","11":"product_tag-tourons","12":"pa_alergenos-fruits-secs","13":"pa_alergenos-peut-contenir-du-gluten","14":"pa_alergenos-produits-laitiers","15":"pa_alergenos-soja","16":"pa_alergenos-traces-darachides","17":"pa_alergenos-traces-doeuf","19":"first","20":"outofstock","21":"taxable","22":"shipping-taxable","23":"purchasable","24":"product-type-simple"},"_links":{"self":[{"href":"https:\/\/abuelailichocolates.com\/fr\/wp-json\/wp\/v2\/product\/14821","targetHints":{"allow":["GET"]}}],"collection":[{"href":"https:\/\/abuelailichocolates.com\/fr\/wp-json\/wp\/v2\/product"}],"about":[{"href":"https:\/\/abuelailichocolates.com\/fr\/wp-json\/wp\/v2\/types\/product"}],"replies":[{"embeddable":true,"href":"https:\/\/abuelailichocolates.com\/fr\/wp-json\/wp\/v2\/comments?post=14821"}],"wp:featuredmedia":[{"embeddable":true,"href":"https:\/\/abuelailichocolates.com\/fr\/wp-json\/wp\/v2\/media\/9487"}],"wp:attachment":[{"href":"https:\/\/abuelailichocolates.com\/fr\/wp-json\/wp\/v2\/media?parent=14821"}],"wp:term":[{"taxonomy":"product_brand","embeddable":true,"href":"https:\/\/abuelailichocolates.com\/fr\/wp-json\/wp\/v2\/product_brand?post=14821"},{"taxonomy":"product_cat","embeddable":true,"href":"https:\/\/abuelailichocolates.com\/fr\/wp-json\/wp\/v2\/product_cat?post=14821"},{"taxonomy":"product_tag","embeddable":true,"href":"https:\/\/abuelailichocolates.com\/fr\/wp-json\/wp\/v2\/product_tag?post=14821"}],"curies":[{"name":"wp","href":"https:\/\/api.w.org\/{rel}","templated":true}]}}