{"id":14830,"date":"2022-11-16T17:36:28","date_gmt":"2022-11-16T16:36:28","guid":{"rendered":"https:\/\/abuelailichocolates.com\/producto\/touron-au-chocolat-noir-caramel-et-sel\/"},"modified":"2022-11-16T17:36:28","modified_gmt":"2022-11-16T16:36:28","slug":"touron-au-chocolat-noir-caramel-et-sel","status":"publish","type":"product","link":"https:\/\/abuelailichocolates.com\/fr\/producto\/touron-au-chocolat-noir-caramel-et-sel\/","title":{"rendered":"Touron au chocolat noir, caramel et sel"},"content":{"rendered":"<p>Ingr\u00e9dients :<\/p>\n<p>*CHOCOLAT NOIR (72 %) : SUCRE, P\u00c2TE DE CACAO, BEURRE DE CACAO, CACAO D\u00c9GRAISS\u00c9 EN POUDRE, \u00c9MULSIFIANT : L\u00c9CITHINE DE SOJA (E-322) ET AR\u00d4ME.<\/p>\n<p>*P\u00c2TE CR\u00c8ME DE FLEUR DE SEL (28 %) : CHOCOLAT BLANC (LAIT ENTIER EN POUDRE, SUCRE, BEURRE DE CACAO, \u00c9MULSIFIANT L\u00c9CITHINE DE SOJA, AR\u00d4ME NATUREL DE VANILLE), BISCUIT FINEMENT \u00c9MIETT\u00c9 (FARINE DE BL\u00c9, SUCRE, BEURRE CONCENTR\u00c9, LAIT \u00c9CR\u00c9M\u00c9 EN POUDRE, FARINE DE MALT D&rsquo;ORGE, SEL), HUILE V\u00c9G\u00c9TALE (PALME, TOURNESOL, PALMISTE, COCO), SUCRE, LACTOS\u00c9RUM EN POUDRE, AMANDES, BEURRE CONCENTR\u00c9, CARAMEL, FLEUR DE SEL, \u00c9MULSIFIANT L\u00c9CITHINE DE SOJA, SEL, AR\u00d4ME.<\/p>\n","protected":false},"excerpt":{"rendered":"<p>TABLETTE 45 grs.<\/p>\n","protected":false},"featured_media":9479,"comment_status":"closed","ping_status":"closed","template":"","meta":[],"product_brand":[194],"product_cat":[268,266],"product_tag":[479,281,295],"class_list":{"0":"post-14830","1":"product","2":"type-product","3":"status-publish","4":"has-post-thumbnail","6":"product_brand-abuela-ili-chocolate","7":"product_cat-tous-les-produits","8":"product_cat-chocolat-noir","9":"product_tag-45-grammes","10":"product_tag-tablettes","11":"product_tag-tourons","12":"pa_alergenos-gluten","13":"pa_alergenos-soja","14":"pa_alergenos-traces-darachides","15":"pa_alergenos-traces-de-fruits-a-coque","16":"pa_alergenos-traces-doeuf","18":"first","19":"outofstock","20":"featured","21":"taxable","22":"shipping-taxable","23":"purchasable","24":"product-type-simple"},"_links":{"self":[{"href":"https:\/\/abuelailichocolates.com\/fr\/wp-json\/wp\/v2\/product\/14830","targetHints":{"allow":["GET"]}}],"collection":[{"href":"https:\/\/abuelailichocolates.com\/fr\/wp-json\/wp\/v2\/product"}],"about":[{"href":"https:\/\/abuelailichocolates.com\/fr\/wp-json\/wp\/v2\/types\/product"}],"replies":[{"embeddable":true,"href":"https:\/\/abuelailichocolates.com\/fr\/wp-json\/wp\/v2\/comments?post=14830"}],"wp:featuredmedia":[{"embeddable":true,"href":"https:\/\/abuelailichocolates.com\/fr\/wp-json\/wp\/v2\/media\/9479"}],"wp:attachment":[{"href":"https:\/\/abuelailichocolates.com\/fr\/wp-json\/wp\/v2\/media?parent=14830"}],"wp:term":[{"taxonomy":"product_brand","embeddable":true,"href":"https:\/\/abuelailichocolates.com\/fr\/wp-json\/wp\/v2\/product_brand?post=14830"},{"taxonomy":"product_cat","embeddable":true,"href":"https:\/\/abuelailichocolates.com\/fr\/wp-json\/wp\/v2\/product_cat?post=14830"},{"taxonomy":"product_tag","embeddable":true,"href":"https:\/\/abuelailichocolates.com\/fr\/wp-json\/wp\/v2\/product_tag?post=14830"}],"curies":[{"name":"wp","href":"https:\/\/api.w.org\/{rel}","templated":true}]}}