{"id":14836,"date":"2022-01-04T18:54:36","date_gmt":"2022-01-04T17:54:36","guid":{"rendered":"https:\/\/abuelailichocolates.com\/producto\/creme-de-pistache-enrobee-de-chocolat-blanc\/"},"modified":"2022-01-04T18:54:36","modified_gmt":"2022-01-04T17:54:36","slug":"creme-de-pistache-enrobee-de-chocolat-blanc","status":"publish","type":"product","link":"https:\/\/abuelailichocolates.com\/fr\/producto\/creme-de-pistache-enrobee-de-chocolat-blanc\/","title":{"rendered":"Cr\u00e8me de pistache enrob\u00e9e de chocolat blanc"},"content":{"rendered":"<p>Ingr\u00e9dients&nbsp;:<\/p>\n<p>*Chocolat blanc (67 %) : sucre, beurre de cacao, lait \u00e9cr\u00e9m\u00e9 en poudre, mati\u00e8re grasse laiti\u00e8re, \u00e9mulsifiant : l\u00e9cithine de soja, ar\u00f4me naturel de vanille et ar\u00f4me.<\/p>\n<p>*Cr\u00e8me de pistache (33 %) : sucre, graisses v\u00e9g\u00e9tales (huile de tournesol, beurre de cacao), pistaches (15 %), lait \u00e9cr\u00e9m\u00e9 en poudre, lactos\u00e9rum en poudre, lactose, \u00e9mulsifiant : l\u00e9cithine de tournesol et ar\u00f4me naturel.<\/p>\n<p>&nbsp;<\/p>\n<p>&nbsp;<\/p>\n","protected":false},"excerpt":{"rendered":"<p>LINGOT 150 grs.<\/p>\n","protected":false},"featured_media":9063,"comment_status":"closed","ping_status":"closed","template":"","meta":[],"product_brand":[194],"product_cat":[268,284],"product_tag":[288,281],"class_list":{"0":"post-14836","1":"product","2":"type-product","3":"status-publish","4":"has-post-thumbnail","6":"product_brand-abuela-ili-chocolate","7":"product_cat-tous-les-produits","8":"product_cat-chocolat-blanc","9":"product_tag-150-grammes","10":"product_tag-tablettes","11":"pa_alergenos-fruits-secs","12":"pa_alergenos-gluten","13":"pa_alergenos-produits-laitiers","14":"pa_alergenos-soja","16":"first","17":"outofstock","18":"taxable","19":"shipping-taxable","20":"purchasable","21":"product-type-simple"},"_links":{"self":[{"href":"https:\/\/abuelailichocolates.com\/fr\/wp-json\/wp\/v2\/product\/14836","targetHints":{"allow":["GET"]}}],"collection":[{"href":"https:\/\/abuelailichocolates.com\/fr\/wp-json\/wp\/v2\/product"}],"about":[{"href":"https:\/\/abuelailichocolates.com\/fr\/wp-json\/wp\/v2\/types\/product"}],"replies":[{"embeddable":true,"href":"https:\/\/abuelailichocolates.com\/fr\/wp-json\/wp\/v2\/comments?post=14836"}],"wp:featuredmedia":[{"embeddable":true,"href":"https:\/\/abuelailichocolates.com\/fr\/wp-json\/wp\/v2\/media\/9063"}],"wp:attachment":[{"href":"https:\/\/abuelailichocolates.com\/fr\/wp-json\/wp\/v2\/media?parent=14836"}],"wp:term":[{"taxonomy":"product_brand","embeddable":true,"href":"https:\/\/abuelailichocolates.com\/fr\/wp-json\/wp\/v2\/product_brand?post=14836"},{"taxonomy":"product_cat","embeddable":true,"href":"https:\/\/abuelailichocolates.com\/fr\/wp-json\/wp\/v2\/product_cat?post=14836"},{"taxonomy":"product_tag","embeddable":true,"href":"https:\/\/abuelailichocolates.com\/fr\/wp-json\/wp\/v2\/product_tag?post=14836"}],"curies":[{"name":"wp","href":"https:\/\/api.w.org\/{rel}","templated":true}]}}