{"id":14849,"date":"2019-09-12T11:34:55","date_gmt":"2019-09-12T09:34:55","guid":{"rendered":"https:\/\/abuelailichocolates.com\/producto\/chocolat-blanc-au-curry\/"},"modified":"2019-09-12T11:34:55","modified_gmt":"2019-09-12T09:34:55","slug":"chocolat-blanc-au-curry","status":"publish","type":"product","link":"https:\/\/abuelailichocolates.com\/fr\/producto\/chocolat-blanc-au-curry\/","title":{"rendered":"Chocolat blanc au curry"},"content":{"rendered":"<p><strong>Ingr\u00e9dients&nbsp;:<\/strong><\/p>\n<p><strong>*Chocolat blanc (96 %)&nbsp;:<\/strong> sucre, beurre de cacao, <strong>lait<\/strong> \u00e9cr\u00e9m\u00e9 en poudre, mati\u00e8re grasse <strong>laiti\u00e8re<\/strong>, \u00e9mulsifiant&nbsp;: l\u00e9cithines (<strong>soja<\/strong>), ar\u00f4me naturel de vanille, ar\u00f4me.<\/p>\n<p><strong>*Curry (4 %)&nbsp;:<\/strong> curcuma, coriandre, cumin, farine de ma\u00efs, \u00e9pices (cannelle, cayenne, gingembre et fenouil) et sel.<\/p>\n<p>&nbsp;<\/p>\n","protected":false},"excerpt":{"rendered":"<p>TABLETTE 60 grs.<\/p>\n","protected":false},"featured_media":8569,"comment_status":"closed","ping_status":"closed","template":"","meta":[],"product_brand":[194],"product_cat":[284,268],"product_tag":[303,281],"class_list":{"0":"post-14849","1":"product","2":"type-product","3":"status-publish","4":"has-post-thumbnail","6":"product_brand-abuela-ili-chocolate","7":"product_cat-chocolat-blanc","8":"product_cat-tous-les-produits","9":"product_tag-60-grammes","10":"product_tag-tablettes","11":"pa_alergenos-peut-contenir-du-gluten","12":"pa_alergenos-produits-laitiers","13":"pa_alergenos-soja","14":"pa_alergenos-traces-de-fruits-a-coque","16":"first","17":"outofstock","18":"taxable","19":"shipping-taxable","20":"purchasable","21":"product-type-simple"},"_links":{"self":[{"href":"https:\/\/abuelailichocolates.com\/fr\/wp-json\/wp\/v2\/product\/14849","targetHints":{"allow":["GET"]}}],"collection":[{"href":"https:\/\/abuelailichocolates.com\/fr\/wp-json\/wp\/v2\/product"}],"about":[{"href":"https:\/\/abuelailichocolates.com\/fr\/wp-json\/wp\/v2\/types\/product"}],"replies":[{"embeddable":true,"href":"https:\/\/abuelailichocolates.com\/fr\/wp-json\/wp\/v2\/comments?post=14849"}],"wp:featuredmedia":[{"embeddable":true,"href":"https:\/\/abuelailichocolates.com\/fr\/wp-json\/wp\/v2\/media\/8569"}],"wp:attachment":[{"href":"https:\/\/abuelailichocolates.com\/fr\/wp-json\/wp\/v2\/media?parent=14849"}],"wp:term":[{"taxonomy":"product_brand","embeddable":true,"href":"https:\/\/abuelailichocolates.com\/fr\/wp-json\/wp\/v2\/product_brand?post=14849"},{"taxonomy":"product_cat","embeddable":true,"href":"https:\/\/abuelailichocolates.com\/fr\/wp-json\/wp\/v2\/product_cat?post=14849"},{"taxonomy":"product_tag","embeddable":true,"href":"https:\/\/abuelailichocolates.com\/fr\/wp-json\/wp\/v2\/product_tag?post=14849"}],"curies":[{"name":"wp","href":"https:\/\/api.w.org\/{rel}","templated":true}]}}