{"id":14856,"date":"2015-09-28T11:38:24","date_gmt":"2015-09-28T09:38:24","guid":{"rendered":"https:\/\/abuelailichocolates.com\/producto\/chocolat-blanc-au-fromage-de-chevre-un-plaisir-audacieux-qui-surprend\/"},"modified":"2015-09-28T11:38:24","modified_gmt":"2015-09-28T09:38:24","slug":"chocolat-blanc-au-fromage-de-chevre-un-plaisir-audacieux-qui-surprend","status":"publish","type":"product","link":"https:\/\/abuelailichocolates.com\/fr\/producto\/chocolat-blanc-au-fromage-de-chevre-un-plaisir-audacieux-qui-surprend\/","title":{"rendered":"Chocolat blanc au fromage de ch\u00e8vre \u2013 \u00ab&nbsp;Un plaisir audacieux qui surprend&nbsp;\u00bb"},"content":{"rendered":"<p><strong>Ingr\u00e9dients :<\/strong><\/p>\n<p><strong>Chocolat blanc (96 %) :<\/strong> sucre, beurre de cacao, <strong>lait<\/strong> \u00e9cr\u00e9m\u00e9 en poudre, mati\u00e8re grasse <strong>laiti\u00e8re<\/strong>, \u00e9mulsifiant : l\u00e9cithines (<strong>soja<\/strong>), ar\u00f4me naturel de vanille, ar\u00f4me.<\/p>\n<p><strong>Ar\u00f4me naturel de fromage de ch\u00e8vre en poudre (4&nbsp;%)&nbsp;:<\/strong> ar\u00f4me naturel de fromage, maltodextrine.<\/p>\n<h2>Description du produit<\/h2>\n<p>Notre <strong>chocolat blanc au fromage de ch\u00e8vre artisanal<\/strong> est la combinaison \u00e0 laquelle personne ne s\u2019attend<br \/>\n et que tout le monde retient. La douceur cr\u00e9meuse du chocolat blanc rencontre le caract\u00e8re du fromage de ch\u00e8vre,<br \/>\n cr\u00e9ant un contraste qui s\u00e9duit d\u00e8s la premi\u00e8re bouch\u00e9e. <\/p>\n<h2>Ingr\u00e9dients avec tradition<\/h2>\n<ul>\n<li>Chocolat blanc de qualit\u00e9 premium<\/li>\n<li>Fromage de ch\u00e8vre affin\u00e9 en poudre<\/li>\n<li>Beurre de cacao<\/li>\n<li>Sucre \u00e9quilibr\u00e9<\/li>\n<\/ul>\n<h3>Qu\u2019est-ce qui le rend sp\u00e9cial&nbsp;?<\/h3>\n<p>C\u2019est le chocolat typique qui surprend&nbsp;: quand on le go\u00fbte, on se dit \u00ab&nbsp;ce n\u2019est pas possible que ce soit aussi bon&nbsp;!&nbsp;\u00bb, mais \u00e7a l\u2019est.<br \/>\nLe contraste sucr\u00e9-sal\u00e9 en fait un v\u00e9ritable coup de foudre gourmand. Un produit unique, fait avec<br \/>\n conviction et affection. <\/p>\n<h2>Avantages et pourquoi le choisir<\/h2>\n<h3>Un contraste audacieux<\/h3>\n<p>Il combine le meilleur de deux mondes&nbsp;: l\u2019onctuosit\u00e9 du blanc et la touche sal\u00e9e du fromage de ch\u00e8vre.<\/p>\n<h3>Une saveur inoubliable<\/h3>\n<p>Ce n\u2019est pas un chocolat comme les autres. C\u2019est un souvenir gastronomique de l\u2019Alpujarra que vous voudrez revivre. <\/p>\n<h2>Comment en profiter au mieux&nbsp;?<\/h2>\n<p>Parfait pour accompagner un vin rouge jeune ou un vermouth frais. Il fonctionne aussi incroyablement bien sur les plateaux<br \/>\n de fromages, comme contraste sucr\u00e9. <em>\u00ab&nbsp;Je suis in love\u2026&nbsp;\u00bb<\/em>, disent ceux qui osent le go\u00fbter. <\/p>\n","protected":false},"excerpt":{"rendered":"<p>Le <strong>chocolat blanc au fromage de ch\u00e8vre artisanal<\/strong> le plus audacieux&nbsp;: doux et cr\u00e9meux avec une touche sal\u00e9e incroyable&nbsp;! Une tablette diff\u00e9rente, faite avec passion dans l\u2019Alpujarra.<\/p>\n","protected":false},"featured_media":14342,"comment_status":"closed","ping_status":"closed","template":"","meta":[],"product_brand":[],"product_cat":[284,268],"product_tag":[282,281],"class_list":{"0":"post-14856","1":"product","2":"type-product","3":"status-publish","4":"has-post-thumbnail","6":"product_cat-chocolat-blanc","7":"product_cat-tous-les-produits","8":"product_tag-50-grammes","9":"product_tag-tablettes","10":"pa_alergenos-peut-contenir-du-gluten","11":"pa_alergenos-produits-laitiers","12":"pa_alergenos-soja","13":"pa_alergenos-traces-de-fruits-a-coque","15":"first","16":"instock","17":"taxable","18":"shipping-taxable","19":"purchasable","20":"product-type-simple"},"_links":{"self":[{"href":"https:\/\/abuelailichocolates.com\/fr\/wp-json\/wp\/v2\/product\/14856","targetHints":{"allow":["GET"]}}],"collection":[{"href":"https:\/\/abuelailichocolates.com\/fr\/wp-json\/wp\/v2\/product"}],"about":[{"href":"https:\/\/abuelailichocolates.com\/fr\/wp-json\/wp\/v2\/types\/product"}],"replies":[{"embeddable":true,"href":"https:\/\/abuelailichocolates.com\/fr\/wp-json\/wp\/v2\/comments?post=14856"}],"wp:featuredmedia":[{"embeddable":true,"href":"https:\/\/abuelailichocolates.com\/fr\/wp-json\/wp\/v2\/media\/14342"}],"wp:attachment":[{"href":"https:\/\/abuelailichocolates.com\/fr\/wp-json\/wp\/v2\/media?parent=14856"}],"wp:term":[{"taxonomy":"product_brand","embeddable":true,"href":"https:\/\/abuelailichocolates.com\/fr\/wp-json\/wp\/v2\/product_brand?post=14856"},{"taxonomy":"product_cat","embeddable":true,"href":"https:\/\/abuelailichocolates.com\/fr\/wp-json\/wp\/v2\/product_cat?post=14856"},{"taxonomy":"product_tag","embeddable":true,"href":"https:\/\/abuelailichocolates.com\/fr\/wp-json\/wp\/v2\/product_tag?post=14856"}],"curies":[{"name":"wp","href":"https:\/\/api.w.org\/{rel}","templated":true}]}}