{"id":14870,"date":"2016-12-30T17:00:37","date_gmt":"2016-12-30T16:00:37","guid":{"rendered":"https:\/\/abuelailichocolates.com\/producto\/chocolat-blanc-a-la-framboise\/"},"modified":"2016-12-30T17:00:37","modified_gmt":"2016-12-30T16:00:37","slug":"chocolat-blanc-a-la-framboise","status":"publish","type":"product","link":"https:\/\/abuelailichocolates.com\/fr\/producto\/chocolat-blanc-a-la-framboise\/","title":{"rendered":"Chocolat blanc \u00e0 la framboise"},"content":{"rendered":"<p><strong>Ingr\u00e9dients :<\/strong><\/p>\n<p><strong>Chocolat blanc (96 %) :<\/strong> sucre, beurre de cacao, <strong>lait<\/strong> \u00e9cr\u00e9m\u00e9 en poudre, mati\u00e8re grasse <strong>laiti\u00e8re<\/strong>, \u00e9mulsifiant : l\u00e9cithines (<strong>soja<\/strong>), ar\u00f4me naturel de vanille, ar\u00f4me.<\/p>\n<p><strong>P\u00e2te cr\u00e9meuse de framboise (4 %) :<\/strong> sucre, sirop de glucose, framboise 20 %, jus concentr\u00e9 de framboise 6 %, correcteurs d&rsquo;acidit\u00e9 (acide citrique, E450, E341), denr\u00e9e alimentaire colorante (concentr\u00e9 de carotte et de baies de sureau), stabilisants (pectines, gomme de caroube), colorant : E150d, ar\u00f4me.<\/p>\n","protected":false},"excerpt":{"rendered":"<p>TABLETTE 50grs.<\/p>\n","protected":false},"featured_media":10737,"comment_status":"closed","ping_status":"closed","template":"","meta":[],"product_brand":[194],"product_cat":[284,268],"product_tag":[282,281],"class_list":{"0":"post-14870","1":"product","2":"type-product","3":"status-publish","4":"has-post-thumbnail","6":"product_brand-abuela-ili-chocolate","7":"product_cat-chocolat-blanc","8":"product_cat-tous-les-produits","9":"product_tag-50-grammes","10":"product_tag-tablettes","11":"pa_alergenos-peut-contenir-du-gluten","12":"pa_alergenos-produits-laitiers","13":"pa_alergenos-soja","14":"pa_alergenos-traces-de-fruits-a-coque","16":"first","17":"instock","18":"taxable","19":"shipping-taxable","20":"purchasable","21":"product-type-simple"},"_links":{"self":[{"href":"https:\/\/abuelailichocolates.com\/fr\/wp-json\/wp\/v2\/product\/14870","targetHints":{"allow":["GET"]}}],"collection":[{"href":"https:\/\/abuelailichocolates.com\/fr\/wp-json\/wp\/v2\/product"}],"about":[{"href":"https:\/\/abuelailichocolates.com\/fr\/wp-json\/wp\/v2\/types\/product"}],"replies":[{"embeddable":true,"href":"https:\/\/abuelailichocolates.com\/fr\/wp-json\/wp\/v2\/comments?post=14870"}],"wp:featuredmedia":[{"embeddable":true,"href":"https:\/\/abuelailichocolates.com\/fr\/wp-json\/wp\/v2\/media\/10737"}],"wp:attachment":[{"href":"https:\/\/abuelailichocolates.com\/fr\/wp-json\/wp\/v2\/media?parent=14870"}],"wp:term":[{"taxonomy":"product_brand","embeddable":true,"href":"https:\/\/abuelailichocolates.com\/fr\/wp-json\/wp\/v2\/product_brand?post=14870"},{"taxonomy":"product_cat","embeddable":true,"href":"https:\/\/abuelailichocolates.com\/fr\/wp-json\/wp\/v2\/product_cat?post=14870"},{"taxonomy":"product_tag","embeddable":true,"href":"https:\/\/abuelailichocolates.com\/fr\/wp-json\/wp\/v2\/product_tag?post=14870"}],"curies":[{"name":"wp","href":"https:\/\/api.w.org\/{rel}","templated":true}]}}