{"id":14879,"date":"2015-09-28T11:37:51","date_gmt":"2015-09-28T09:37:51","guid":{"rendered":"https:\/\/abuelailichocolates.com\/producto\/chocolat-au-lait-et-cannelle\/"},"modified":"2015-09-28T11:37:51","modified_gmt":"2015-09-28T09:37:51","slug":"chocolat-au-lait-et-cannelle","status":"publish","type":"product","link":"https:\/\/abuelailichocolates.com\/fr\/producto\/chocolat-au-lait-et-cannelle\/","title":{"rendered":"Chocolat au lait et cannelle"},"content":{"rendered":"<p><strong>Ingr\u00e9dients :<\/strong><\/p>\n<p><strong>Chocolat au lait (92 %) : sucre, beurre de cacao, lait \u00e9cr\u00e9m\u00e9 en poudre, p\u00e2te de cacao, lactos\u00e9rum en poudre (lait), mati\u00e8re grasse laiti\u00e8re anhydre, lait entier en poudre, \u00e9mulsifiant (l\u00e9cithine de soja), ar\u00f4me, ar\u00f4me naturel de vanille.<\/strong><\/p>\n<p><strong>Cannelle en poudre (8 %).<\/strong><\/p>\n","protected":false},"excerpt":{"rendered":"<p>TABLETTE 50grs.<\/p>\n","protected":false},"featured_media":11066,"comment_status":"closed","ping_status":"closed","template":"","meta":[],"product_brand":[194],"product_cat":[285,268],"product_tag":[282,281],"class_list":{"0":"post-14879","1":"product","2":"type-product","3":"status-publish","4":"has-post-thumbnail","6":"product_brand-abuela-ili-chocolate","7":"product_cat-chocolat-au-lait","8":"product_cat-tous-les-produits","9":"product_tag-50-grammes","10":"product_tag-tablettes","11":"pa_alergenos-peut-contenir-du-gluten","12":"pa_alergenos-soja","13":"pa_alergenos-traces-de-fruits-a-coque","14":"pa_alergenos-traces-de-lait","16":"first","17":"instock","18":"taxable","19":"shipping-taxable","20":"purchasable","21":"product-type-simple"},"_links":{"self":[{"href":"https:\/\/abuelailichocolates.com\/fr\/wp-json\/wp\/v2\/product\/14879","targetHints":{"allow":["GET"]}}],"collection":[{"href":"https:\/\/abuelailichocolates.com\/fr\/wp-json\/wp\/v2\/product"}],"about":[{"href":"https:\/\/abuelailichocolates.com\/fr\/wp-json\/wp\/v2\/types\/product"}],"replies":[{"embeddable":true,"href":"https:\/\/abuelailichocolates.com\/fr\/wp-json\/wp\/v2\/comments?post=14879"}],"wp:featuredmedia":[{"embeddable":true,"href":"https:\/\/abuelailichocolates.com\/fr\/wp-json\/wp\/v2\/media\/11066"}],"wp:attachment":[{"href":"https:\/\/abuelailichocolates.com\/fr\/wp-json\/wp\/v2\/media?parent=14879"}],"wp:term":[{"taxonomy":"product_brand","embeddable":true,"href":"https:\/\/abuelailichocolates.com\/fr\/wp-json\/wp\/v2\/product_brand?post=14879"},{"taxonomy":"product_cat","embeddable":true,"href":"https:\/\/abuelailichocolates.com\/fr\/wp-json\/wp\/v2\/product_cat?post=14879"},{"taxonomy":"product_tag","embeddable":true,"href":"https:\/\/abuelailichocolates.com\/fr\/wp-json\/wp\/v2\/product_tag?post=14879"}],"curies":[{"name":"wp","href":"https:\/\/api.w.org\/{rel}","templated":true}]}}