{"id":14909,"date":"2015-09-28T11:39:02","date_gmt":"2015-09-28T09:39:02","guid":{"rendered":"https:\/\/abuelailichocolates.com\/producto\/chocolat-au-lait-et-biscuit-le-classique-que-tout-le-monde-recherche\/"},"modified":"2026-04-03T02:32:23","modified_gmt":"2026-04-03T00:32:23","slug":"chocolat-au-lait-et-biscuit-le-classique-que-tout-le-monde-recherche","status":"publish","type":"product","link":"https:\/\/abuelailichocolates.com\/fr\/producto\/chocolat-au-lait-et-biscuit-le-classique-que-tout-le-monde-recherche\/","title":{"rendered":"Chocolat au lait et biscuit \u2013 Le classique que tout le monde recherche"},"content":{"rendered":"<p><strong>Ingr\u00e9dients :<\/strong><\/p>\n<p><strong>Chocolat au lait (85 %)<\/strong>&nbsp;: sucre, beurre de cacao, <b>lait<\/b> entier en poudre, p\u00e2te de cacao, \u00e9mulsifiant (l\u00e9cithine de tournesol E-322) et extrait de vanille.<\/p>\n<p><strong>Biscuits (12,5&nbsp;%)&nbsp;:<\/strong> Farine de bl\u00e9 (<strong>gluten<\/strong>), sucre, huile de tournesol \u00e0 haute teneur ol\u00e9ique (13&nbsp;%), sirop de glucose, poudres \u00e0 lever (carbonates de sodium, carbonates d&rsquo;ammonium), sel, lactos\u00e9rum en poudre, ar\u00f4me, antioxydant (m\u00e9tabisulfite de sodium), \u00e9mulsifiant (l\u00e9cithine de tournesol).<\/p>\n<p><strong>P\u00e2te \u00e0 tartiner aux biscuits (2,5&nbsp;%)&nbsp;:<\/strong> sirop de glucose, <strong>lait<\/strong> concentr\u00e9 (<strong>lait<\/strong> entier, sucre, <strong>lactose<\/strong>), jaune d&rsquo;<strong>\u0153uf<\/strong>, ar\u00f4mes, eau, sucre caram\u00e9lis\u00e9, colorants (carot\u00e8nes, E150d).<\/p>\n<p><!-- H1 va en el t\u00edtulo del producto --><\/p>\n<h2>Description du produit<\/h2>\n<p>Notre <strong>chocolat au lait et biscuit artisanal<\/strong> est le classique que tout le monde recherche.<br \/>\nCr\u00e9meux, doux et avec le croustillant qui ne manque jamais, \u00e9labor\u00e9 dans l&rsquo;Alpujarra avec du cacao de qualit\u00e9.<br \/>\nUne tablette qui conquiert petits et grands et qui ne manque jamais dans les commandes de nos clients.<\/p>\n<h2>Ingr\u00e9dients authentiques<\/h2>\n<ul>\n<li>Cacao au lait de qualit\u00e9 premium<\/li>\n<li>Biscuits dor\u00e9s et croustillants<\/li>\n<li>Beurre de cacao naturel<\/li>\n<li>Sucre juste ce qu\u2019il faut<\/li>\n<\/ul>\n<h3>Qu\u2019est-ce qui le rend sp\u00e9cial&nbsp;?<\/h3>\n<p>Fabriqu\u00e9 de mani\u00e8re <strong>artisanale dans l&rsquo;Alpujarra<\/strong>, par des mains expertes qui fabriquent et vendent le chocolat dans la boutique m\u00eame.<br \/>\nIci, pas de secrets industriels, seulement de la tradition, de l&rsquo;affection et de l&rsquo;exp\u00e9rience dans chaque tablette.<\/p>\n<h2>Avantages et raisons de le choisir<\/h2>\n<h3>Un classique irr\u00e9sistible<\/h3>\n<p>Sa saveur \u00e9quilibr\u00e9e, entre cr\u00e9meux et croustillant, en fait un succ\u00e8s garanti pour les enfants et les adultes.<\/p>\n<h3>Tradition et proximit\u00e9<\/h3>\n<p>La m\u00eame \u00e9quipe qui vous sert dans la boutique est celle qui \u00e9labore ce chocolat. Cette proximit\u00e9 se ressent dans le r\u00e9sultat&nbsp;: authentique et avec une \u00e2me. <\/p>\n<h3>Id\u00e9al pour partager<\/h3>\n<p>Parfait pour profiter en famille, offrir ou le garder comme une gourmandise personnelle.<\/p>\n<h2>Comment en profiter au mieux&nbsp;?<\/h2>\n<p>Nous vous conseillons de l&rsquo;accompagner d&rsquo;un <strong>caf\u00e9 de l&rsquo;apr\u00e8s-midi<\/strong>, de le faire fondre dans du lait chaud ou de le couper en petits morceaux pour des desserts faits maison.<br \/>\nM\u00eame si, pour \u00eatre honn\u00eates\u2026 le plus normal est de ne pas pouvoir r\u00e9sister et de le manger tel quel.<\/p>\n","protected":false},"excerpt":{"rendered":"<p>Le <strong>chocolat au lait et biscuit artisanal<\/strong> le plus recherch\u00e9&nbsp;: cr\u00e9meux, doux et avec le croustillant qui rend accro.<br \/>\nFabriqu\u00e9 dans l&rsquo;Alpujarra avec des ingr\u00e9dients de qualit\u00e9, parfait pour partager\u2026 ou pour le garder juste pour vous.<\/p>\n","protected":false},"featured_media":14910,"comment_status":"closed","ping_status":"closed","template":"","meta":[],"product_brand":[],"product_cat":[285,268],"product_tag":[282,281],"class_list":{"0":"post-14909","1":"product","2":"type-product","3":"status-publish","4":"has-post-thumbnail","6":"product_cat-chocolat-au-lait","7":"product_cat-tous-les-produits","8":"product_tag-50-grammes","9":"product_tag-tablettes","10":"pa_alergenos-gluten","11":"pa_alergenos-produits-laitiers","12":"pa_alergenos-traces-de-fruits-a-coque","13":"pa_alergenos-oeufs","15":"first","16":"instock","17":"taxable","18":"shipping-taxable","19":"purchasable","20":"product-type-simple"},"_links":{"self":[{"href":"https:\/\/abuelailichocolates.com\/fr\/wp-json\/wp\/v2\/product\/14909","targetHints":{"allow":["GET"]}}],"collection":[{"href":"https:\/\/abuelailichocolates.com\/fr\/wp-json\/wp\/v2\/product"}],"about":[{"href":"https:\/\/abuelailichocolates.com\/fr\/wp-json\/wp\/v2\/types\/product"}],"replies":[{"embeddable":true,"href":"https:\/\/abuelailichocolates.com\/fr\/wp-json\/wp\/v2\/comments?post=14909"}],"wp:featuredmedia":[{"embeddable":true,"href":"https:\/\/abuelailichocolates.com\/fr\/wp-json\/wp\/v2\/media\/14910"}],"wp:attachment":[{"href":"https:\/\/abuelailichocolates.com\/fr\/wp-json\/wp\/v2\/media?parent=14909"}],"wp:term":[{"taxonomy":"product_brand","embeddable":true,"href":"https:\/\/abuelailichocolates.com\/fr\/wp-json\/wp\/v2\/product_brand?post=14909"},{"taxonomy":"product_cat","embeddable":true,"href":"https:\/\/abuelailichocolates.com\/fr\/wp-json\/wp\/v2\/product_cat?post=14909"},{"taxonomy":"product_tag","embeddable":true,"href":"https:\/\/abuelailichocolates.com\/fr\/wp-json\/wp\/v2\/product_tag?post=14909"}],"curies":[{"name":"wp","href":"https:\/\/api.w.org\/{rel}","templated":true}]}}