{"id":15135,"date":"2026-04-12T10:50:50","date_gmt":"2026-04-12T08:50:50","guid":{"rendered":"https:\/\/abuelailichocolates.com\/producto\/panier-special-fete-des-meres\/"},"modified":"2026-04-12T10:58:06","modified_gmt":"2026-04-12T08:58:06","slug":"panier-special-fete-des-meres","status":"publish","type":"product","link":"https:\/\/abuelailichocolates.com\/fr\/producto\/panier-special-fete-des-meres\/","title":{"rendered":"Panier sp\u00e9cial f\u00eate des M\u00e8res"},"content":{"rendered":"<p><strong>Surprends maman avec ce panier sp\u00e9cial f\u00eate des M\u00e8res !<\/strong><\/p>\n","protected":false},"excerpt":{"rendered":"<p>Une s\u00e9lection soigneusement \u00e9labor\u00e9e pour adoucir sa journ\u00e9e, avec les meilleurs ingr\u00e9dients artisanaux de <strong>Abuela ili Chocolate<\/strong>.<\/p>\n<p>Id\u00e9al \u00e0 offrir pour une occasion aussi sp\u00e9ciale que la f\u00eate des M\u00e8res, ce panier comprend :<\/p>\n<ul>\n<li><strong>Saucisson blanc<\/strong> artisanal, doux et d\u00e9licieux.<\/li>\n<li><strong>Bonbon \u00e0 la figue<\/strong> fourr\u00e9 \u00e0 la figue confite et au chocolat noir.<\/li>\n<li><strong>Bonbons de grand-m\u00e8re<\/strong> aux saveurs vari\u00e9es, faits avec des recettes traditionnelles.<\/li>\n<li><strong>Chocolat au lait et cr\u00e8me de pistache<\/strong>, une combinaison unique de saveurs.<\/li>\n<\/ul>\n<p><strong>Un cadeau plein d\u2019amour et de saveur, parfait pour montrer tout ce que tu ressens.<\/strong><\/p>\n","protected":false},"featured_media":15140,"comment_status":"open","ping_status":"closed","template":"","meta":[],"product_brand":[],"product_cat":[550,267],"product_tag":[659,658,657],"class_list":{"0":"post-15135","1":"product","2":"type-product","3":"status-publish","4":"has-post-thumbnail","6":"product_cat-paniers-et-lots","7":"product_cat-selection","8":"product_tag-bonbon-a-la-figue","9":"product_tag-fete-des-meres","10":"product_tag-saucisson-blanc","12":"first","13":"instock","14":"taxable","15":"shipping-taxable","16":"purchasable","17":"product-type-simple"},"_links":{"self":[{"href":"https:\/\/abuelailichocolates.com\/fr\/wp-json\/wp\/v2\/product\/15135","targetHints":{"allow":["GET"]}}],"collection":[{"href":"https:\/\/abuelailichocolates.com\/fr\/wp-json\/wp\/v2\/product"}],"about":[{"href":"https:\/\/abuelailichocolates.com\/fr\/wp-json\/wp\/v2\/types\/product"}],"replies":[{"embeddable":true,"href":"https:\/\/abuelailichocolates.com\/fr\/wp-json\/wp\/v2\/comments?post=15135"}],"wp:featuredmedia":[{"embeddable":true,"href":"https:\/\/abuelailichocolates.com\/fr\/wp-json\/wp\/v2\/media\/15140"}],"wp:attachment":[{"href":"https:\/\/abuelailichocolates.com\/fr\/wp-json\/wp\/v2\/media?parent=15135"}],"wp:term":[{"taxonomy":"product_brand","embeddable":true,"href":"https:\/\/abuelailichocolates.com\/fr\/wp-json\/wp\/v2\/product_brand?post=15135"},{"taxonomy":"product_cat","embeddable":true,"href":"https:\/\/abuelailichocolates.com\/fr\/wp-json\/wp\/v2\/product_cat?post=15135"},{"taxonomy":"product_tag","embeddable":true,"href":"https:\/\/abuelailichocolates.com\/fr\/wp-json\/wp\/v2\/product_tag?post=15135"}],"curies":[{"name":"wp","href":"https:\/\/api.w.org\/{rel}","templated":true}]}}